












{"id":383,"date":"2025-07-01T02:19:11","date_gmt":"2025-07-01T02:19:11","guid":{"rendered":"https:\/\/ventilairgroup.es\/contacta-nos\/"},"modified":"2025-09-10T14:27:29","modified_gmt":"2025-09-10T14:27:29","slug":"contacta-nos","status":"publish","type":"page","link":"https:\/\/ventilairgroup.es\/pt-pt\/contacta-nos\/","title":{"rendered":"Contacta-nos"},"content":{"rendered":"\n<div class=\"wp-block-cover is-light full-width\" style=\"min-height:566px;aspect-ratio:unset;\"><img decoding=\"async\" class=\"wp-block-cover__image-background wp-image-83\" alt=\"\" src=\"\/wp-content\/themes\/content-theme\/assets\/img\/demo-banner3.jpg\" data-object-fit=\"cover\"\/><span aria-hidden=\"true\" class=\"wp-block-cover__background has-black-background-color has-background-dim\"><\/span><div class=\"wp-block-cover__inner-container is-layout-flow wp-block-cover-is-layout-flow\">\n<h1 class=\"wp-block-heading has-text-align-center has-white-color has-text-color\"><strong>Contacta o Ventilair Group &#8211; Estamos aqui para ajudar<\/strong><\/h1>\n<\/div><\/div>\n\n\n\n<div class=\"wp-block-group columns-large-images is-layout-constrained wp-block-group-is-layout-constrained\">\n<div class=\"wp-block-columns is-layout-flex wp-container-core-columns-is-layout-9d6595d7 wp-block-columns-is-layout-flex\">\n<div class=\"wp-block-column is-layout-flow wp-block-column-is-layout-flow\">\n<h2 class=\"wp-block-heading has-text-align-center\">Vamos falar de ventila\u00e7\u00e3o<\/h2>\n\n\n\n<p class=\"has-text-align-center\">Quer estejas a trabalhar num novo empreendimento residencial, a remodelar uma propriedade comercial ou a especificar sistemas para projectos de hotelaria &#8211; a equipa do Ventilair Group est\u00e1 aqui para ajudar. Fornecemos aconselhamento especializado, recomenda\u00e7\u00f5es de produtos e apoio t\u00e9cnico para todas as nossas solu\u00e7\u00f5es de ventila\u00e7\u00e3o em Espanha e Portugal. <\/p>\n\n\n\n<p class=\"has-text-align-center\">Como distribuidor exclusivo da Pax em Espanha e Portugal, somos o teu contacto oficial para todas as quest\u00f5es comerciais, grossistas e de revenda relacionadas com os produtos Pax.<\/p>\n<\/div>\n<\/div>\n\n\n\n<div class=\"wp-block-columns are-vertically-aligned-center is-layout-flex wp-container-core-columns-is-layout-9d6595d7 wp-block-columns-is-layout-flex\">\n<div class=\"wp-block-column is-vertically-aligned-center is-layout-flow wp-block-column-is-layout-flow\" style=\"flex-basis:33.33%\">\n<figure class=\"wp-block-image aligncenter size-full\"><img loading=\"lazy\" decoding=\"async\" width=\"1000\" height=\"707\" src=\"https:\/\/ventilairgroup.es\/wp-content\/uploads\/20230307161849_640755d98c672.webp\" alt=\"\" class=\"wp-image-102\" srcset=\"https:\/\/ventilairgroup.es\/wp-content\/uploads\/20230307161849_640755d98c672.webp 1000w, https:\/\/ventilairgroup.es\/wp-content\/uploads\/20230307161849_640755d98c672-300x212.webp 300w, https:\/\/ventilairgroup.es\/wp-content\/uploads\/20230307161849_640755d98c672-768x543.webp 768w\" sizes=\"auto, (max-width: 1000px) 100vw, 1000px\" \/><\/figure>\n<\/div>\n\n\n\n<div class=\"wp-block-column is-vertically-aligned-center is-layout-flow wp-block-column-is-layout-flow\" style=\"flex-basis:66.66%\">\n<h2 class=\"wp-block-heading has-text-align-center\">Suporte para grossistas e revendedores<\/h2>\n\n\n\n<p>\u00c9s um grossista, instalador, promotor imobili\u00e1rio ou arquiteto? Gostar\u00edamos de apoiar os teus projectos. <\/p>\n\n\n\n<ul class=\"wp-block-list\">\n<li>Acede a pre\u00e7os comerciais e cota\u00e7\u00f5es de volume<\/li>\n\n\n\n<li>Obt\u00e9m apoio para especifica\u00e7\u00f5es t\u00e9cnicas e instala\u00e7\u00f5es<\/li>\n\n\n\n<li>Recebe recomenda\u00e7\u00f5es de produtos personalizados para projectos residenciais ou comerciais<\/li>\n\n\n\n<li>Solicita documenta\u00e7\u00e3o ou certifica\u00e7\u00f5es de produtos<\/li>\n<\/ul>\n\n\n\n<p>Inclui os detalhes do teu projeto ou o perfil da tua empresa quando nos contactares &#8211; a nossa equipa responder\u00e1 prontamente com uma assist\u00eancia personalizada.<\/p>\n<\/div>\n<\/div>\n\n\n\n<div class=\"wp-block-columns are-vertically-aligned-center is-layout-flex wp-container-core-columns-is-layout-9d6595d7 wp-block-columns-is-layout-flex\">\n<div class=\"wp-block-column is-vertically-aligned-center is-layout-flow wp-block-column-is-layout-flow\" style=\"flex-basis:66.66%\">\n<h2 class=\"wp-block-heading has-text-align-center\">Para clientes de retalho<\/h2>\n\n\n\n<p>Se compraste um produto diretamente na nossa loja online &#8211; quer se trate de um ventilador de casa de banho, de um aquecedor de toalhas ou de um desumidificador &#8211; contacta-nos diretamente para obteres assist\u00eancia:<\/p>\n\n\n\n<ul class=\"wp-block-list\">\n<li>Pe\u00e7as de substitui\u00e7\u00e3o e acess\u00f3rios<\/li>\n\n\n\n<li>Pedidos de garantia<\/li>\n\n\n\n<li>Guias de instala\u00e7\u00e3o<\/li>\n\n\n\n<li>Ajuda na configura\u00e7\u00e3o de aplica\u00e7\u00f5es e produtos<\/li>\n<\/ul>\n<\/div>\n\n\n\n<div class=\"wp-block-column is-vertically-aligned-center is-layout-flow wp-block-column-is-layout-flow\" style=\"flex-basis:33.33%\">\n<figure class=\"wp-block-image aligncenter size-full\"><img loading=\"lazy\" decoding=\"async\" width=\"2560\" height=\"2133\" src=\"https:\/\/ventilairgroup.es\/wp-content\/uploads\/environ-bathroom-fan-passad-scaled.jpg\" alt=\"\" class=\"wp-image-92\" srcset=\"https:\/\/ventilairgroup.es\/wp-content\/uploads\/environ-bathroom-fan-passad-scaled.jpg 2560w, https:\/\/ventilairgroup.es\/wp-content\/uploads\/environ-bathroom-fan-passad-300x250.jpg 300w, https:\/\/ventilairgroup.es\/wp-content\/uploads\/environ-bathroom-fan-passad-1024x853.jpg 1024w, https:\/\/ventilairgroup.es\/wp-content\/uploads\/environ-bathroom-fan-passad-768x640.jpg 768w, https:\/\/ventilairgroup.es\/wp-content\/uploads\/environ-bathroom-fan-passad-1536x1280.jpg 1536w, https:\/\/ventilairgroup.es\/wp-content\/uploads\/environ-bathroom-fan-passad-2048x1707.jpg 2048w\" sizes=\"auto, (max-width: 2560px) 100vw, 2560px\" \/><\/figure>\n<\/div>\n<\/div>\n\n\n\n<div class=\"wp-block-columns is-layout-flex wp-container-core-columns-is-layout-9d6595d7 wp-block-columns-is-layout-flex\">\n<div class=\"wp-block-column is-layout-flow wp-block-column-is-layout-flow\">\n<h2 class=\"wp-block-heading has-text-align-center\">Contactos<\/h2>\n\n\n\n<p class=\"has-text-align-center\">A nossa equipa atenta est\u00e1 pronta para te ajudar. <a href=\"https:\/\/api.whatsapp.com\/send\/?phone=34667338892&amp;text=Hello+David%2C+I+have+a+question+about+PAX+SPAIN%3A&amp;type=phone_number&amp;app_absent=0\">Manda-nos um WhatsApp<\/a> ou liga-nos para <a href=\"tel:+34711062112\" data-type=\"tel\" data-id=\"tel:+34711062112\">+34 711 06 21 12<\/a>.<\/p>\n\n\n\n<p><\/p>\n<\/div>\n<\/div>\n<\/div>\n\n\n<script>\nvar gform;gform||(document.addEventListener(\"gform_main_scripts_loaded\",function(){gform.scriptsLoaded=!0}),document.addEventListener(\"gform\/theme\/scripts_loaded\",function(){gform.themeScriptsLoaded=!0}),window.addEventListener(\"DOMContentLoaded\",function(){gform.domLoaded=!0}),gform={domLoaded:!1,scriptsLoaded:!1,themeScriptsLoaded:!1,isFormEditor:()=>\"function\"==typeof InitializeEditor,callIfLoaded:function(o){return!(!gform.domLoaded||!gform.scriptsLoaded||!gform.themeScriptsLoaded&&!gform.isFormEditor()||(gform.isFormEditor()&&console.warn(\"The use of gform.initializeOnLoaded() is deprecated in the form editor context and will be removed in Gravity Forms 3.1.\"),o(),0))},initializeOnLoaded:function(o){gform.callIfLoaded(o)||(document.addEventListener(\"gform_main_scripts_loaded\",()=>{gform.scriptsLoaded=!0,gform.callIfLoaded(o)}),document.addEventListener(\"gform\/theme\/scripts_loaded\",()=>{gform.themeScriptsLoaded=!0,gform.callIfLoaded(o)}),window.addEventListener(\"DOMContentLoaded\",()=>{gform.domLoaded=!0,gform.callIfLoaded(o)}))},hooks:{action:{},filter:{}},addAction:function(o,r,e,t){gform.addHook(\"action\",o,r,e,t)},addFilter:function(o,r,e,t){gform.addHook(\"filter\",o,r,e,t)},doAction:function(o){gform.doHook(\"action\",o,arguments)},applyFilters:function(o){return gform.doHook(\"filter\",o,arguments)},removeAction:function(o,r){gform.removeHook(\"action\",o,r)},removeFilter:function(o,r,e){gform.removeHook(\"filter\",o,r,e)},addHook:function(o,r,e,t,n){null==gform.hooks[o][r]&&(gform.hooks[o][r]=[]);var d=gform.hooks[o][r];null==n&&(n=r+\"_\"+d.length),gform.hooks[o][r].push({tag:n,callable:e,priority:t=null==t?10:t})},doHook:function(r,o,e){var t;if(e=Array.prototype.slice.call(e,1),null!=gform.hooks[r][o]&&((o=gform.hooks[r][o]).sort(function(o,r){return o.priority-r.priority}),o.forEach(function(o){\"function\"!=typeof(t=o.callable)&&(t=window[t]),\"action\"==r?t.apply(null,e):e[0]=t.apply(null,e)})),\"filter\"==r)return e[0]},removeHook:function(o,r,t,n){var e;null!=gform.hooks[o][r]&&(e=(e=gform.hooks[o][r]).filter(function(o,r,e){return!!(null!=n&&n!=o.tag||null!=t&&t!=o.priority)}),gform.hooks[o][r]=e)}});\n<\/script>\n\n                <div class='gf_browser_gecko gform_wrapper gravity-theme gform-theme--no-framework' data-form-theme='gravity-theme' data-form-index='0' id='gform_wrapper_1' >\n                        <div class='gform_heading'>\n                            <h2 class=\"gform_title\">Formul\u00e1rio de contacto<\/h2>\n                            <p class='gform_description'><\/p>\n\t\t\t\t\t\t\t<p class='gform_required_legend'>&quot;<span class=\"gfield_required gfield_required_asterisk\">*<\/span>&quot; indica campos obrigat\u00f3rios<\/p>\n                        <\/div><form method='post' enctype='multipart\/form-data'  id='gform_1'  action='\/pt-pt\/wp-json\/wp\/v2\/pages\/383' data-formid='1' novalidate><div class='gf_invisible ginput_recaptchav3' data-sitekey='6LfknoYrAAAAABCm36WQyoiXJ55BOdxRBDc9ekbd' data-tabindex='0'><input id=\"input_8bbea784c2ccebedb6fffde9a789c157\" class=\"gfield_recaptcha_response\" type=\"hidden\" name=\"input_8bbea784c2ccebedb6fffde9a789c157\" value=\"\"\/><\/div>\n                        <div class='gform-body gform_body'><div id='gform_fields_1' class='gform_fields top_label form_sublabel_below description_below validation_below'><div id=\"field_1_9\" class=\"gfield gfield--type-text gfield--width-full gfield_contains_required field_sublabel_below gfield--no-description field_description_below field_validation_below gfield_visibility_visible\"  ><label class='gfield_label gform-field-label' for='input_1_9'>O seu nome<span class=\"gfield_required\"><span class=\"gfield_required gfield_required_asterisk\">*<\/span><\/span><\/label><div class='ginput_container ginput_container_text'><input name='input_9' id='input_1_9' type='text' value='' class='large'     aria-required=\"true\" aria-invalid=\"false\"   \/><\/div><\/div><div id=\"field_1_4\" class=\"gfield gfield--type-phone gfield--width-full gfield_contains_required field_sublabel_below gfield--no-description field_description_below field_validation_below gfield_visibility_visible\"  ><label class='gfield_label gform-field-label' for='input_1_4'>O seu n\u00famero de contacto<span class=\"gfield_required\"><span class=\"gfield_required gfield_required_asterisk\">*<\/span><\/span><\/label><div class='ginput_container ginput_container_phone'><input name='input_4' id='input_1_4' type='tel' value='' class='large'   aria-required=\"true\" aria-invalid=\"false\"   \/><\/div><\/div><div id=\"field_1_5\" class=\"gfield gfield--type-email gfield--width-full gfield_contains_required field_sublabel_below gfield--no-description field_description_below field_validation_below gfield_visibility_visible\"  ><label class='gfield_label gform-field-label' for='input_1_5'>O seu endere\u00e7o de correio eletr\u00f3nico<span class=\"gfield_required\"><span class=\"gfield_required gfield_required_asterisk\">*<\/span><\/span><\/label><div class='ginput_container ginput_container_email'>\n                            <input name='input_5' id='input_1_5' type='email' value='' class='large'    aria-required=\"true\" aria-invalid=\"false\"  \/>\n                        <\/div><\/div><div id=\"field_1_6\" class=\"gfield gfield--type-textarea gfield--width-full field_sublabel_below gfield--no-description field_description_below field_validation_below gfield_visibility_visible\"  ><label class='gfield_label gform-field-label' for='input_1_6'>Diga-nos como o podemos ajudar<\/label><div class='ginput_container ginput_container_textarea'><textarea name='input_6' id='input_1_6' class='textarea large'      aria-invalid=\"false\"   rows='10' cols='50'><\/textarea><\/div><\/div><div id=\"field_1_8\" class=\"gfield gfield--type-select gfield--width-full gfield_contains_required field_sublabel_below gfield--no-description field_description_below field_validation_below gfield_visibility_visible\"  ><label class='gfield_label gform-field-label' for='input_1_8'>Como \u00e9 que nos encontrou?<span class=\"gfield_required\"><span class=\"gfield_required gfield_required_asterisk\">*<\/span><\/span><\/label><div class='ginput_container ginput_container_select'><select name='input_8' id='input_1_8' class='large gfield_select'    aria-required=\"true\" aria-invalid=\"false\" ><option value='Google' >Google<\/option><option value='Outro motor de busca' >Outro motor de busca<\/option><option value='Facebook' >Facebook<\/option><option value='Correio eletr\u00f3nico reencaminhado' >Correio eletr\u00f3nico reencaminhado<\/option><option value='Amigo' >Amigo<\/option><option value='An\u00fancio impresso' >An\u00fancio impresso<\/option><option value='Feira de neg\u00f3cios' >Feira de neg\u00f3cios<\/option><option value='Outros' >Outros<\/option><\/select><\/div><\/div><fieldset id=\"field_1_11\" class=\"gfield gfield--type-radio gfield--type-choice gfield--width-full gfield_contains_required field_sublabel_below gfield--no-description field_description_below field_validation_below gfield_visibility_visible\"  ><legend class='gfield_label gform-field-label' >Gostaria de subscrever a nossa newsletter?<span class=\"gfield_required\"><span class=\"gfield_required gfield_required_asterisk\">*<\/span><\/span><\/legend><div class='ginput_container ginput_container_radio'><div class='gfield_radio' id='input_1_11'>\n\t\t\t<div class='gchoice gchoice_1_11_0'>\n\t\t\t\t\t<input class='gfield-choice-input' name='input_11' type='radio' value='Sim' checked='checked' id='choice_1_11_0' onchange='gformToggleRadioOther( this )'    \/>\n\t\t\t\t\t<label for='choice_1_11_0' id='label_1_11_0' class='gform-field-label gform-field-label--type-inline'>Sim<\/label>\n\t\t\t<\/div>\n\t\t\t<div class='gchoice gchoice_1_11_1'>\n\t\t\t\t\t<input class='gfield-choice-input' name='input_11' type='radio' value='N\u00e3o'  id='choice_1_11_1' onchange='gformToggleRadioOther( this )'    \/>\n\t\t\t\t\t<label for='choice_1_11_1' id='label_1_11_1' class='gform-field-label gform-field-label--type-inline'>N\u00e3o<\/label>\n\t\t\t<\/div><\/div><\/div><\/fieldset><div id=\"field_1_10\" class=\"gfield gfield--type-html gfield_html gfield_html_formatted gfield_no_follows_desc field_sublabel_below gfield--no-description field_description_below field_validation_below gfield_visibility_visible\"  ><span>Ao clicar para enviar este formul\u00e1rio, o utilizador reconhece que as informa\u00e7\u00f5es que fornecer ser\u00e3o tratadas em conformidade com a nossa <a href=\"https:\/\/ventilairgroup.es\/pt-pt\/politica-de-privacidade\/\">Pol\u00edtica de Privacidade<\/a>.<\/span><\/div><\/div><\/div>\n        <div class='gform-footer gform_footer top_label'> <button type=\"submit\" id=\"gform_submit_button_1\" class=\"gform_button button\">Enviar<\/button> \n            <input type='hidden' class='gform_hidden' name='gform_submission_method' data-js='gform_submission_method_1' value='postback' \/>\n            <input type='hidden' class='gform_hidden' name='gform_theme' data-js='gform_theme_1' id='gform_theme_1' value='gravity-theme' \/>\n            <input type='hidden' class='gform_hidden' name='gform_style_settings' data-js='gform_style_settings_1' id='gform_style_settings_1' value='[]' \/>\n            <input type='hidden' class='gform_hidden' name='is_submit_1' value='1' \/>\n            <input type='hidden' class='gform_hidden' name='gform_submit' value='1' \/>\n            \n            <input type='hidden' class='gform_hidden' name='gform_unique_id' value='' \/>\n            <input type='hidden' class='gform_hidden' name='state_1' value='WyJ7XCIxMVwiOltcIjcxNzk2MzI3YWVlMDU0YjUxY2VkMmY0YTQwNmYyMzY2XCIsXCI2NmQ0ODBhNjVkMWY5MjRmNDExZGUxOWJhMzlhZjA4N1wiXX0iLCI3ZGFjZTM4ZjY0YTMyMjkzZTQ1ZDRiMTI0Mjk1ZTVhMyJd' \/>\n            <input type='hidden' autocomplete='off' class='gform_hidden' name='gform_target_page_number_1' id='gform_target_page_number_1' value='0' \/>\n            <input type='hidden' autocomplete='off' class='gform_hidden' name='gform_source_page_number_1' id='gform_source_page_number_1' value='1' \/>\n            <input type='hidden' name='gform_field_values' value='' \/>\n            \n        <\/div>\n                        <\/form>\n                        <\/div><script>\ngform.initializeOnLoaded( function() {gformInitSpinner( 1, 'https:\/\/ventilairgroup.es\/wp-content\/plugins\/gravityforms\/images\/spinner.svg', true );jQuery('#gform_ajax_frame_1').on('load',function(){var contents = jQuery(this).contents().find('*').html();var is_postback = contents.indexOf('GF_AJAX_POSTBACK') >= 0;if(!is_postback){return;}var form_content = jQuery(this).contents().find('#gform_wrapper_1');var is_confirmation = jQuery(this).contents().find('#gform_confirmation_wrapper_1').length > 0;var is_redirect = contents.indexOf('gformRedirect(){') >= 0;var is_form = form_content.length > 0 && ! is_redirect && ! is_confirmation;var mt = parseInt(jQuery('html').css('margin-top'), 10) + parseInt(jQuery('body').css('margin-top'), 10) + 100;if(is_form){jQuery('#gform_wrapper_1').html(form_content.html());if(form_content.hasClass('gform_validation_error')){jQuery('#gform_wrapper_1').addClass('gform_validation_error');} else {jQuery('#gform_wrapper_1').removeClass('gform_validation_error');}setTimeout( function() { \/* delay the scroll by 50 milliseconds to fix a bug in chrome *\/  }, 50 );if(window['gformInitDatepicker']) {gformInitDatepicker();}if(window['gformInitPriceFields']) {gformInitPriceFields();}var current_page = jQuery('#gform_source_page_number_1').val();gformInitSpinner( 1, 'https:\/\/ventilairgroup.es\/wp-content\/plugins\/gravityforms\/images\/spinner.svg', true );jQuery(document).trigger('gform_page_loaded', [1, current_page]);window['gf_submitting_1'] = false;}else if(!is_redirect){var confirmation_content = jQuery(this).contents().find('.GF_AJAX_POSTBACK').html();if(!confirmation_content){confirmation_content = contents;}jQuery('#gform_wrapper_1').replaceWith(confirmation_content);jQuery(document).trigger('gform_confirmation_loaded', [1]);window['gf_submitting_1'] = false;wp.a11y.speak(jQuery('#gform_confirmation_message_1').text());}else{jQuery('#gform_1').append(contents);if(window['gformRedirect']) {gformRedirect();}}jQuery(document).trigger(\"gform_pre_post_render\", [{ formId: \"1\", currentPage: \"current_page\", abort: function() { this.preventDefault(); } }]);        if (event && event.defaultPrevented) {                return;        }        const gformWrapperDiv = document.getElementById( \"gform_wrapper_1\" );        if ( gformWrapperDiv ) {            const visibilitySpan = document.createElement( \"span\" );            visibilitySpan.id = \"gform_visibility_test_1\";            gformWrapperDiv.insertAdjacentElement( \"afterend\", visibilitySpan );        }        const visibilityTestDiv = document.getElementById( \"gform_visibility_test_1\" );        let postRenderFired = false;        function triggerPostRender() {            if ( postRenderFired ) {                return;            }            postRenderFired = true;            gform.core.triggerPostRenderEvents( 1, current_page );            if ( visibilityTestDiv ) {                visibilityTestDiv.parentNode.removeChild( visibilityTestDiv );            }        }        function debounce( func, wait, immediate ) {            var timeout;            return function() {                var context = this, args = arguments;                var later = function() {                    timeout = null;                    if ( !immediate ) func.apply( context, args );                };                var callNow = immediate && !timeout;                clearTimeout( timeout );                timeout = setTimeout( later, wait );                if ( callNow ) func.apply( context, args );            };        }        const debouncedTriggerPostRender = debounce( function() {            triggerPostRender();        }, 200 );        if ( visibilityTestDiv && visibilityTestDiv.offsetParent === null ) {            const observer = new MutationObserver( ( mutations ) => {                mutations.forEach( ( mutation ) => {                    if ( mutation.type === 'attributes' && visibilityTestDiv.offsetParent !== null ) {                        debouncedTriggerPostRender();                        observer.disconnect();                    }                });            });            observer.observe( document.body, {                attributes: true,                childList: false,                subtree: true,                attributeFilter: [ 'style', 'class' ],            });        } else {            triggerPostRender();        }    } );} );\n<\/script>\n","protected":false},"excerpt":{"rendered":"<p>Vamos falar de ventila\u00e7\u00e3o Quer estejas a trabalhar num novo empreendimento residencial, a remodelar uma propriedade comercial ou a especificar sistemas para projectos de hotelaria &#8211; a equipa do Ventilair Group est\u00e1 aqui para ajudar. Fornecemos aconselhamento especializado, recomenda\u00e7\u00f5es de produtos e apoio t\u00e9cnico para todas as nossas solu\u00e7\u00f5es de ventila\u00e7\u00e3o em Espanha e Portugal. [&hellip;]<\/p>\n","protected":false},"author":1,"featured_media":0,"parent":0,"menu_order":0,"comment_status":"closed","ping_status":"closed","template":"","meta":{"footnotes":""},"class_list":["post-383","page","type-page","status-publish","hentry"],"acf":[],"_links":{"self":[{"href":"https:\/\/ventilairgroup.es\/pt-pt\/wp-json\/wp\/v2\/pages\/383","targetHints":{"allow":["GET"]}}],"collection":[{"href":"https:\/\/ventilairgroup.es\/pt-pt\/wp-json\/wp\/v2\/pages"}],"about":[{"href":"https:\/\/ventilairgroup.es\/pt-pt\/wp-json\/wp\/v2\/types\/page"}],"author":[{"embeddable":true,"href":"https:\/\/ventilairgroup.es\/pt-pt\/wp-json\/wp\/v2\/users\/1"}],"replies":[{"embeddable":true,"href":"https:\/\/ventilairgroup.es\/pt-pt\/wp-json\/wp\/v2\/comments?post=383"}],"version-history":[{"count":2,"href":"https:\/\/ventilairgroup.es\/pt-pt\/wp-json\/wp\/v2\/pages\/383\/revisions"}],"predecessor-version":[{"id":564,"href":"https:\/\/ventilairgroup.es\/pt-pt\/wp-json\/wp\/v2\/pages\/383\/revisions\/564"}],"wp:attachment":[{"href":"https:\/\/ventilairgroup.es\/pt-pt\/wp-json\/wp\/v2\/media?parent=383"}],"curies":[{"name":"wp","href":"https:\/\/api.w.org\/{rel}","templated":true}]}}