












{"id":381,"date":"2025-07-01T02:19:11","date_gmt":"2025-07-01T01:19:11","guid":{"rendered":"https:\/\/ventilairgroup.es\/sobre-nos\/"},"modified":"2025-12-03T16:28:04","modified_gmt":"2025-12-03T15:28:04","slug":"sobre-nos","status":"publish","type":"page","link":"https:\/\/ventilairgroup.es\/pt-pt\/sobre-nos\/","title":{"rendered":"Sobre n\u00f3s"},"content":{"rendered":"\n<div class=\"wp-block-cover is-repeated full-width\" style=\"min-height:566px;aspect-ratio:unset;\"><div class=\"wp-block-cover__image-background wp-image-101 size-full is-repeated\" style=\"background-position:18% 50%;background-image:url(https:\/\/ventilairgroup.es\/wp-content\/uploads\/b52780d2-b66c-4e89-af95-ee54f9a8191c.jpeg)\"><\/div><span aria-hidden=\"true\" class=\"wp-block-cover__background has-black-background-color has-background-dim\"><\/span><div class=\"wp-block-cover__inner-container is-layout-flow wp-block-cover-is-layout-flow\">\n<h1 class=\"wp-block-heading has-text-align-center\"><strong>Sobre a Ventilair Group &#8211; L\u00edderes em solu\u00e7\u00f5es de qualidade do ar<\/strong><\/h1>\n<\/div><\/div>\n\n<div class=\"wp-block-group columns-large-images is-layout-constrained wp-block-group-is-layout-constrained\">\n<div class=\"wp-block-columns are-vertically-aligned-center is-layout-flex wp-container-core-columns-is-layout-9d6595d7 wp-block-columns-is-layout-flex\">\n<div class=\"wp-block-column is-vertically-aligned-center reveal left is-layout-flow wp-block-column-is-layout-flow\" style=\"flex-basis:50%\">\n<figure class=\"wp-block-image aligncenter size-large\"><img loading=\"lazy\" decoding=\"async\" width=\"1024\" height=\"734\" src=\"https:\/\/ventilairgroup.es\/wp-content\/uploads\/2025\/07\/Ventilair_VC@4x-1024x734.png\" alt=\"\" class=\"wp-image-69\" style=\"aspect-ratio:3\/2;object-fit:contain\" srcset=\"https:\/\/ventilairgroup.es\/wp-content\/uploads\/2025\/07\/Ventilair_VC@4x-1024x734.png 1024w, https:\/\/ventilairgroup.es\/wp-content\/uploads\/2025\/07\/Ventilair_VC@4x-300x215.png 300w, https:\/\/ventilairgroup.es\/wp-content\/uploads\/2025\/07\/Ventilair_VC@4x-768x551.png 768w, https:\/\/ventilairgroup.es\/wp-content\/uploads\/2025\/07\/Ventilair_VC@4x-1536x1101.png 1536w, https:\/\/ventilairgroup.es\/wp-content\/uploads\/2025\/07\/Ventilair_VC@4x-2048x1468.png 2048w\" sizes=\"auto, (max-width: 1024px) 100vw, 1024px\" \/><\/figure>\n<\/div>\n\n\n\n<div class=\"wp-block-column is-vertically-aligned-center reveal right is-layout-flow wp-block-column-is-layout-flow\" style=\"flex-basis:50%\">\n<h2 class=\"wp-block-heading has-text-align-left\">Melhorar a qualidade do ar interior em Espanha e Portugal<\/h2>\n\n\n\n<p><strong>O Ventilair Group<\/strong> est\u00e1 empenhado em ajudar casas e edif\u00edcios em toda a Pen\u00ednsula Ib\u00e9rica a respirar melhor. Como <strong>especialista em sistemas de ventila\u00e7\u00e3o<\/strong>, concentramo-nos no fornecimento de produtos de alto desempenho e energeticamente eficientes que contribuem para ambientes interiores mais saud\u00e1veis. <\/p>\n\n\n\n<p>Desde apartamentos modernos nos centros das cidades a casas renovadas na costa, fornecemos solu\u00e7\u00f5es personalizadas que respondem \u00e0s necessidades \u00fanicas da regi\u00e3o em termos de clima e constru\u00e7\u00e3o.<\/p>\n\n\n\n<div class=\"wp-block-buttons is-layout-flex wp-block-buttons-is-layout-flex\">\n<div class=\"wp-block-button\"><a class=\"wp-block-button__link wp-element-button\" href=\"https:\/\/ventilairgroup.es\/pt-pt\/contacta-nos\/\" style=\"border-radius:0px\">Contacta-nos<\/a><\/div>\n<\/div>\n<\/div>\n<\/div>\n\n\n\n<div class=\"wp-block-columns are-vertically-aligned-center is-layout-flex wp-container-core-columns-is-layout-9d6595d7 wp-block-columns-is-layout-flex\">\n<div class=\"wp-block-column is-vertically-aligned-center reveal left is-layout-flow wp-block-column-is-layout-flow\" style=\"flex-basis:50%\">\n<h2 class=\"wp-block-heading has-text-align-left\">Quem somos<\/h2>\n\n\n\n<p>O Ventilair Group \u00e9 um distribuidor de confian\u00e7a de produtos de ventila\u00e7\u00e3o e aquecimento de primeira qualidade provenientes dos principais fabricantes europeus. Colaboramos com arquitectos, instaladores, construtores e utilizadores finais para garantir que cada sistema \u00e9 o mais adequado para o espa\u00e7o &#8211; proporcionando conforto, efici\u00eancia e fiabilidade a longo prazo. <\/p>\n\n\n\n<p>Com anos de experi\u00eancia nos mercados espanhol e portugu\u00eas, a nossa equipa compreende os desafios reais do <strong>controlo da humidade,<\/strong> da <strong>poupan\u00e7a de energia<\/strong> e da <strong>melhoria da qualidade do ar<\/strong> em diversos tipos de edif\u00edcios.<\/p>\n\n\n\n<div class=\"wp-block-buttons is-layout-flex wp-block-buttons-is-layout-flex\">\n<div class=\"wp-block-button\"><a class=\"wp-block-button__link wp-element-button\" href=\"https:\/\/paxspain.com\" style=\"border-radius:0px\">Visita a nossa loja<\/a><\/div>\n<\/div>\n<\/div>\n\n\n\n<div class=\"wp-block-column is-vertically-aligned-center reveal right is-layout-flow wp-block-column-is-layout-flow\" style=\"flex-basis:50%\">\n<figure class=\"wp-block-image aligncenter size-full\"><img loading=\"lazy\" decoding=\"async\" width=\"1600\" height=\"1067\" src=\"https:\/\/ventilairgroup.es\/wp-content\/uploads\/1191.jpeg\" alt=\"\" class=\"wp-image-93\" style=\"aspect-ratio:3\/2;object-fit:cover\" srcset=\"https:\/\/ventilairgroup.es\/wp-content\/uploads\/1191.jpeg 1600w, https:\/\/ventilairgroup.es\/wp-content\/uploads\/1191-300x200.jpeg 300w, https:\/\/ventilairgroup.es\/wp-content\/uploads\/1191-1024x683.jpeg 1024w, https:\/\/ventilairgroup.es\/wp-content\/uploads\/1191-768x512.jpeg 768w, https:\/\/ventilairgroup.es\/wp-content\/uploads\/1191-1536x1024.jpeg 1536w\" sizes=\"auto, (max-width: 1600px) 100vw, 1600px\" \/><\/figure>\n<\/div>\n<\/div>\n\n\n\n<div class=\"wp-block-columns are-vertically-aligned-center is-layout-flex wp-container-core-columns-is-layout-9d6595d7 wp-block-columns-is-layout-flex\">\n<div class=\"wp-block-column is-vertically-aligned-center reveal left is-layout-flow wp-block-column-is-layout-flow\" style=\"flex-basis:50%\">\n<figure class=\"wp-block-image aligncenter size-full\"><img loading=\"lazy\" decoding=\"async\" width=\"2400\" height=\"2454\" src=\"https:\/\/ventilairgroup.es\/wp-content\/uploads\/blackfridaydiscount-and-more.jpg\" alt=\"\" class=\"wp-image-94\" style=\"aspect-ratio:3\/2;object-fit:cover\" srcset=\"https:\/\/ventilairgroup.es\/wp-content\/uploads\/blackfridaydiscount-and-more.jpg 2400w, https:\/\/ventilairgroup.es\/wp-content\/uploads\/blackfridaydiscount-and-more-293x300.jpg 293w, https:\/\/ventilairgroup.es\/wp-content\/uploads\/blackfridaydiscount-and-more-1001x1024.jpg 1001w, https:\/\/ventilairgroup.es\/wp-content\/uploads\/blackfridaydiscount-and-more-768x785.jpg 768w, https:\/\/ventilairgroup.es\/wp-content\/uploads\/blackfridaydiscount-and-more-1502x1536.jpg 1502w, https:\/\/ventilairgroup.es\/wp-content\/uploads\/blackfridaydiscount-and-more-2003x2048.jpg 2003w\" sizes=\"auto, (max-width: 2400px) 100vw, 2400px\" \/><\/figure>\n<\/div>\n\n\n\n<div class=\"wp-block-column is-vertically-aligned-center reveal right is-layout-flow wp-block-column-is-layout-flow\" style=\"flex-basis:50%\">\n<h2 class=\"wp-block-heading has-text-align-left\">A nossa miss\u00e3o<\/h2>\n\n\n\n<p>Na Ventilair Group, a nossa miss\u00e3o \u00e9 ajudar a melhorar os ambientes interiores atrav\u00e9s de <strong>sistemas de ventila\u00e7\u00e3o avan\u00e7ados<\/strong> que s\u00e3o eficientes, duradouros e f\u00e1ceis de utilizar. Concentramo-nos em fornecer solu\u00e7\u00f5es que resolvem problemas reais &#8211; desde o excesso de humidade e bolor at\u00e9 \u00e0 m\u00e1 circula\u00e7\u00e3o de ar e perda de energia. <\/p>\n\n\n\n<p>Somos movidos por um compromisso com:<\/p>\n\n\n\n<ul class=\"wp-block-list\">\n<li>Melhora <strong>a qualidade do ar<\/strong> em casas, hot\u00e9is e espa\u00e7os comerciais<br\/><\/li>\n\n\n\n<li><strong>Produtos de ventila\u00e7\u00e3o mais inteligentes<\/strong> que se adaptam \u00e0s necessidades dos utilizadores<br\/><\/li>\n\n\n\n<li><strong>Escolhas sustent\u00e1veis<\/strong> que reduzem o impacto ambiental ao longo do tempo<\/li>\n<\/ul>\n\n\n\n<p>Acreditamos que uma boa qualidade do ar interior deve ser o padr\u00e3o &#8211; n\u00e3o a exce\u00e7\u00e3o &#8211; e trabalhamos em estreita colabora\u00e7\u00e3o com os profissionais da ind\u00fastria e os utilizadores finais para tornar isso uma realidade em Espanha e Portugal.<\/p>\n\n\n\n<div class=\"wp-block-buttons is-layout-flex wp-block-buttons-is-layout-flex\">\n<div class=\"wp-block-button\"><a class=\"wp-block-button__link wp-element-button\" href=\"https:\/\/ventilairgroup.es\/pt-pt\/produtos\/\" style=\"border-radius:0px\">V\u00ea os nossos produtos<\/a><\/div>\n<\/div>\n<\/div>\n<\/div>\n\n\n\n<div class=\"wp-block-columns are-vertically-aligned-center is-layout-flex wp-container-core-columns-is-layout-9d6595d7 wp-block-columns-is-layout-flex\">\n<div class=\"wp-block-column is-vertically-aligned-center reveal left is-layout-flow wp-block-column-is-layout-flow\" style=\"flex-basis:50%\">\n<h2 class=\"wp-block-heading has-text-align-left\">Contacta-nos<\/h2>\n\n\n\n<p>Est\u00e1 interessado em estabelecer uma parceria connosco, armazenar os nossos produtos ou especificar os nossos sistemas para o seu pr\u00f3ximo projeto?<\/p>\n\n\n\n<div class=\"wp-block-buttons is-layout-flex wp-block-buttons-is-layout-flex\">\n<div class=\"wp-block-button\"><a class=\"wp-block-button__link wp-element-button\" href=\"https:\/\/ventilairgroup.es\/pt-pt\/contacta-nos\/\" style=\"border-radius:0px\">Contacta-nos<\/a><\/div>\n<\/div>\n<\/div>\n\n\n\n<div class=\"wp-block-column is-vertically-aligned-center reveal right is-layout-flow wp-block-column-is-layout-flow\" style=\"flex-basis:50%\">\n<figure class=\"wp-block-image aligncenter size-full\"><img loading=\"lazy\" decoding=\"async\" width=\"2560\" height=\"2133\" src=\"https:\/\/ventilairgroup.es\/wp-content\/uploads\/environ-bathroom-fan-passad-scaled-1.jpg\" alt=\"\" class=\"wp-image-96\" style=\"aspect-ratio:3\/2;object-fit:cover\" srcset=\"https:\/\/ventilairgroup.es\/wp-content\/uploads\/environ-bathroom-fan-passad-scaled-1.jpg 2560w, https:\/\/ventilairgroup.es\/wp-content\/uploads\/environ-bathroom-fan-passad-scaled-1-300x250.jpg 300w, https:\/\/ventilairgroup.es\/wp-content\/uploads\/environ-bathroom-fan-passad-scaled-1-1024x853.jpg 1024w, https:\/\/ventilairgroup.es\/wp-content\/uploads\/environ-bathroom-fan-passad-scaled-1-768x640.jpg 768w, https:\/\/ventilairgroup.es\/wp-content\/uploads\/environ-bathroom-fan-passad-scaled-1-1536x1280.jpg 1536w, https:\/\/ventilairgroup.es\/wp-content\/uploads\/environ-bathroom-fan-passad-scaled-1-2048x1706.jpg 2048w\" sizes=\"auto, (max-width: 2560px) 100vw, 2560px\" \/><\/figure>\n<\/div>\n<\/div>\n<\/div>\n","protected":false},"excerpt":{"rendered":"<p>Melhorar a qualidade do ar interior em Espanha e Portugal O Ventilair Group est\u00e1 empenhado em ajudar casas e edif\u00edcios em toda a Pen\u00ednsula Ib\u00e9rica a respirar melhor. Como especialista em sistemas de ventila\u00e7\u00e3o, concentramo-nos no fornecimento de produtos de alto desempenho e energeticamente eficientes que contribuem para ambientes interiores mais saud\u00e1veis. Desde apartamentos modernos [&hellip;]<\/p>\n","protected":false},"author":1,"featured_media":0,"parent":0,"menu_order":0,"comment_status":"closed","ping_status":"closed","template":"","meta":{"footnotes":""},"class_list":["post-381","page","type-page","status-publish","hentry"],"acf":[],"_links":{"self":[{"href":"https:\/\/ventilairgroup.es\/pt-pt\/wp-json\/wp\/v2\/pages\/381","targetHints":{"allow":["GET"]}}],"collection":[{"href":"https:\/\/ventilairgroup.es\/pt-pt\/wp-json\/wp\/v2\/pages"}],"about":[{"href":"https:\/\/ventilairgroup.es\/pt-pt\/wp-json\/wp\/v2\/types\/page"}],"author":[{"embeddable":true,"href":"https:\/\/ventilairgroup.es\/pt-pt\/wp-json\/wp\/v2\/users\/1"}],"replies":[{"embeddable":true,"href":"https:\/\/ventilairgroup.es\/pt-pt\/wp-json\/wp\/v2\/comments?post=381"}],"version-history":[{"count":3,"href":"https:\/\/ventilairgroup.es\/pt-pt\/wp-json\/wp\/v2\/pages\/381\/revisions"}],"predecessor-version":[{"id":786,"href":"https:\/\/ventilairgroup.es\/pt-pt\/wp-json\/wp\/v2\/pages\/381\/revisions\/786"}],"wp:attachment":[{"href":"https:\/\/ventilairgroup.es\/pt-pt\/wp-json\/wp\/v2\/media?parent=381"}],"curies":[{"name":"wp","href":"https:\/\/api.w.org\/{rel}","templated":true}]}}