












{"id":371,"date":"2025-07-30T15:49:32","date_gmt":"2025-07-30T15:49:32","guid":{"rendered":"https:\/\/ventilairgroup.es\/produtos\/produtos-de-ventilacao\/"},"modified":"2025-12-01T15:50:25","modified_gmt":"2025-12-01T15:50:25","slug":"produtos-de-ventilacao","status":"publish","type":"page","link":"https:\/\/ventilairgroup.es\/pt-pt\/produtos\/produtos-de-ventilacao\/","title":{"rendered":"Produtos de ventila\u00e7\u00e3o"},"content":{"rendered":"\n<div class=\"wp-block-cover full-width\" style=\"min-height:566px;aspect-ratio:unset;\"><img loading=\"lazy\" decoding=\"async\" width=\"1024\" height=\"577\" class=\"wp-block-cover__image-background wp-image-95 size-large\" alt=\"\" src=\"https:\/\/ventilairgroup.es\/wp-content\/uploads\/\/flow-fdx-paxspain02-1024x577.jpeg\" data-object-fit=\"cover\" srcset=\"https:\/\/ventilairgroup.es\/wp-content\/uploads\/flow-fdx-paxspain02-1024x577.jpeg 1024w, https:\/\/ventilairgroup.es\/wp-content\/uploads\/flow-fdx-paxspain02-300x169.jpeg 300w, https:\/\/ventilairgroup.es\/wp-content\/uploads\/flow-fdx-paxspain02-768x432.jpeg 768w, https:\/\/ventilairgroup.es\/wp-content\/uploads\/flow-fdx-paxspain02-1536x865.jpeg 1536w, https:\/\/ventilairgroup.es\/wp-content\/uploads\/flow-fdx-paxspain02.jpeg 2000w\" sizes=\"auto, (max-width: 1024px) 100vw, 1024px\" \/><span aria-hidden=\"true\" class=\"wp-block-cover__background has-black-background-color has-background-dim\"><\/span><div class=\"wp-block-cover__inner-container is-layout-flow wp-block-cover-is-layout-flow\">\n<h1 class=\"wp-block-heading has-text-align-center\"><strong>Produtos de ventila\u00e7\u00e3o &#8211; Silenciosos, inteligentes e com estilo<\/strong><\/h1>\n\n\n\n<div class=\"wp-block-buttons is-content-justification-center is-layout-flex wp-container-core-buttons-is-layout-16018d1d wp-block-buttons-is-layout-flex\">\n<div class=\"wp-block-button\"><a class=\"wp-block-button__link has-accent-background-color has-background wp-element-button\" href=\"https:\/\/paxspain.com\/pt-pt\/category\/produtos-de-ventilacao\/\" style=\"border-radius:0px\">Explora os produtos de ventila\u00e7\u00e3o na nossa loja online<\/a><\/div>\n<\/div>\n<\/div><\/div>\n\n<div class=\"wp-block-group columns-large-images is-layout-constrained wp-block-group-is-layout-constrained\">\n<div class=\"wp-block-columns is-layout-flex wp-container-core-columns-is-layout-9d6595d7 wp-block-columns-is-layout-flex\">\n<div class=\"wp-block-column is-layout-flow wp-block-column-is-layout-flow\" style=\"flex-basis:66.66%\">\n<figure class=\"wp-block-image size-full\"><img loading=\"lazy\" decoding=\"async\" width=\"424\" height=\"448\" src=\"https:\/\/ventilairgroup.es\/wp-content\/uploads\/ventilacion.png\" alt=\"\" class=\"wp-image-105\" srcset=\"https:\/\/ventilairgroup.es\/wp-content\/uploads\/ventilacion.png 424w, https:\/\/ventilairgroup.es\/wp-content\/uploads\/ventilacion-284x300.png 284w\" sizes=\"auto, (max-width: 424px) 100vw, 424px\" \/><\/figure>\n<\/div>\n\n\n\n<div class=\"wp-block-column is-vertically-aligned-center is-layout-flow wp-block-column-is-layout-flow\" style=\"flex-basis:33.33%\">\n<div class=\"wp-block-buttons is-content-justification-center is-layout-flex wp-container-core-buttons-is-layout-16018d1d wp-block-buttons-is-layout-flex\">\n<div class=\"wp-block-button\"><a class=\"wp-block-button__link has-accent-background-color has-background wp-element-button\" href=\"https:\/\/paxspain.com\/pt-pt\/category\/produtos-de-ventilacao\/\" style=\"border-radius:0px\">Compra produtos de ventila\u00e7\u00e3o agora<\/a><\/div>\n<\/div>\n<\/div>\n<\/div>\n\n\n\n<div class=\"wp-block-columns is-layout-flex wp-container-core-columns-is-layout-9d6595d7 wp-block-columns-is-layout-flex\">\n<div class=\"wp-block-column is-layout-flow wp-block-column-is-layout-flow\" style=\"flex-basis:66.66%\">\n<h2 class=\"wp-block-heading\">Ventila\u00e7\u00e3o inteligente para todas as divis\u00f5es<\/h2>\n\n\n\n<p>Os nossos <strong>produtos de ventila\u00e7\u00e3o<\/strong> foram concebidos para mover o ar de forma silenciosa e eficiente &#8211; onde quer que seja necess\u00e1rio. Quer esteja a equipar uma casa de banho, uma despensa, um corredor ou uma suite de h\u00f3spedes, estas ventoinhas fornecem um fluxo de ar cont\u00ednuo e de baixo consumo para reduzir a humidade, os odores e a condensa\u00e7\u00e3o. <\/p>\n\n\n\n<p>Na <strong>Ventilair Group<\/strong>, oferecemos uma sele\u00e7\u00e3o de <strong>exaustores silenciosos<\/strong> de fabricantes europeus de confian\u00e7a, incluindo <strong>acesso exclusivo aos<\/strong> produtos <strong>Pax<\/strong> em Espanha e Portugal. Estes ventiladores combinam <strong>um design elegante<\/strong>, <strong>carater\u00edsticas inteligentes<\/strong> e <strong>um funcionamento ultra-silencioso<\/strong>. <\/p>\n\n\n\n<h2 class=\"wp-block-heading\">N\u00e3o \u00e9 s\u00f3 para casas de banho<\/h2>\n\n\n\n<p>Embora sejam frequentemente utilizados como <strong>exaustores silenciosos para casas de banho<\/strong>, estes aparelhos s\u00e3o adequados para quase todos os espa\u00e7os dom\u00e9sticos:<\/p>\n\n\n\n<ul class=\"wp-block-list\">\n<li>Casas de banho e WCs<\/li>\n\n\n\n<li>Lavandaria e salas de servi\u00e7o<\/li>\n\n\n\n<li>Quartos e closets<\/li>\n\n\n\n<li>Corredores pequenos ou cozinhas fechadas<\/li>\n\n\n\n<li>Barcos, caravanas ou espa\u00e7os habitacionais compactos<\/li>\n<\/ul>\n\n\n\n<p>Com op\u00e7\u00f5es de <strong>montagem na parede ou no teto<\/strong> e acess\u00f3rios para <strong>instala\u00e7\u00e3o atrav\u00e9s da parede<\/strong>, estes produtos de ventila\u00e7\u00e3o oferecem flexibilidade sem comprometer o desempenho.<\/p>\n\n\n\n<h2 class=\"wp-block-heading\">Porqu\u00ea escolher os nossos produtos de ventila\u00e7\u00e3o?<\/h2>\n\n\n\n<p><strong>\u2714 Funcionamento silencioso<\/strong> &#8211; T\u00e3o baixo quanto <strong>17 dB(A)<\/strong>, ideal para quartos e casas de banho<br\/>\u2714 <strong>Sensores inteligentes<\/strong> &#8211; Dete\u00e7\u00e3o autom\u00e1tica de humidade e luz para uma utiliza\u00e7\u00e3o m\u00e3os-livres<br\/>\u2714 <strong>Efici\u00eancia energ\u00e9tica<\/strong> &#8211; A maioria dos modelos consome apenas <strong>4-5,5 W<\/strong>, reduzindo as suas contas de energia<br\/>\u2714 <strong>Controlo por aplica\u00e7\u00e3o sem fios<\/strong> &#8211; Ajusta as defini\u00e7\u00f5es da ventoinha atrav\u00e9s do smartphone com modelos compat\u00edveis<br\/>\u2714 <strong>Estilo minimalista<\/strong> &#8211; Dispon\u00edvel em <strong>branco ou preto mate<\/strong> para interiores modernos<br\/>\u2714 <strong>Instala\u00e7\u00e3o flex\u00edvel<\/strong> &#8211; Adapt\u00e1vel a condutas de \u00d8100 ou \u00d8125 mm com kits opcionais<\/p>\n\n\n\n<h2 class=\"wp-block-heading\">Modelos exclusivos Pax<\/h2>\n\n\n\n<p>Temos o orgulho de ser o <strong>\u00fanico distribuidor dos ventiladores Pax em Espanha e Portugal<\/strong>. Os ventiladores Pax s\u00e3o concebidos na Su\u00e9cia e conhecidos pela sua fiabilidade, desempenho ultra-silencioso e carater\u00edsticas modernas. <\/p>\n\n\n\n<h4 class=\"wp-block-heading\">Produtos em destaque:<\/h4>\n\n\n\n<p><strong>Pax Intellivent\u00ae 2.0<\/strong><\/p>\n\n\n\n<ul class=\"wp-block-list\">\n<li>Controlo de humidade auto-ajust\u00e1vel<\/li>\n\n\n\n<li>Controlado por aplica\u00e7\u00e3o com v\u00e1rios modos<\/li>\n\n\n\n<li>Funcionamento silencioso: <strong>21 dB(A)<\/strong><\/li>\n\n\n\n<li>Fluxo de ar m\u00e1ximo: <strong>134 m\u00b3\/h<\/strong><\/li>\n<\/ul>\n\n\n\n<p><strong>Pax Norte<\/strong><\/p>\n\n\n\n<ul class=\"wp-block-list\">\n<li>Totalmente autom\u00e1tico com sensores inteligentes<\/li>\n\n\n\n<li>Fluxo multi-velocidade: <strong>30-95 m\u00b3\/h<\/strong><\/li>\n\n\n\n<li>Ultra-silencioso: <strong>17-20 dB(A)<\/strong><\/li>\n\n\n\n<li>Modo de redistribui\u00e7\u00e3o de calor opcional<\/li>\n\n\n\n<li>Classifica\u00e7\u00e3o IP44 para \u00e1reas h\u00famidas<\/li>\n<\/ul>\n\n\n\n<h2 class=\"wp-block-heading\">Solu\u00e7\u00f5es completas de instala\u00e7\u00e3o<\/h2>\n\n\n\n<p>Combina o teu produto de ventila\u00e7\u00e3o com acess\u00f3rios opcionais:<\/p>\n\n\n\n<ul class=\"wp-block-list\">\n<li><strong>Kits de parede<\/strong> com prote\u00e7\u00e3o contra o vento<\/li>\n\n\n\n<li><strong>Grelhas exteriores<\/strong> em cores a condizer<\/li>\n\n\n\n<li><strong>Aberturas de parede<\/strong> para um emparelhamento passivo do fluxo de ar<\/li>\n\n\n\n<li><strong>Temporizadores compat\u00edveis com aplica\u00e7\u00f5es<\/strong>, como o Momento II\u2122<\/li>\n<\/ul>\n\n\n\n<p>Tudo foi concebido para uma instala\u00e7\u00e3o r\u00e1pida e limpa &#8211; <strong>sem qualquer cablagem vis\u00edvel<\/strong> depois de montado.<\/p>\n\n\n\n<h2 class=\"wp-block-heading\">Perfeito para o clima de Espanha<\/h2>\n\n\n\n<p>Muitas casas espanholas sofrem de humidade persistente. Os nossos produtos de ventila\u00e7\u00e3o ajudam a resolver estes problemas com um fluxo de ar silencioso e consistente &#8211; especialmente em espa\u00e7os que n\u00e3o t\u00eam ventila\u00e7\u00e3o natural. S\u00e3o ideais para melhorar <strong>a qualidade do ar<\/strong>, <strong>prevenir o bolor<\/strong> e <strong>prolongar a vida \u00fatil dos interiores e dos acabamentos<\/strong>.  <\/p>\n<\/div>\n\n\n\n<div class=\"wp-block-column is-vertically-aligned-center is-layout-flow wp-block-column-is-layout-flow\" style=\"flex-basis:33.33%\"><\/div>\n<\/div>\n<\/div>\n\n<div class=\"wp-block-group group-padding-2em is-layout-constrained wp-block-group-is-layout-constrained\">\n<p><a href=\"https:\/\/paxspain.com\/pt-pt\/category\/produtos-de-ventilacao\/\">Compra produtos de ventila\u00e7\u00e3o<\/a><br\/><a href=\"https:\/\/ventilairgroup.es\/pt-pt\/contacta-nos\/\" data-type=\"page\" data-id=\"85\">Contacta-nos para pedidos de informa\u00e7\u00e3o sobre com\u00e9rcio e vendas por grosso<\/a><\/p>\n<\/div>\n","protected":false},"excerpt":{"rendered":"<p>Ventila\u00e7\u00e3o inteligente para todas as divis\u00f5es Os nossos produtos de ventila\u00e7\u00e3o foram concebidos para mover o ar de forma silenciosa e eficiente &#8211; onde quer que seja necess\u00e1rio. Quer esteja a equipar uma casa de banho, uma despensa, um corredor ou uma suite de h\u00f3spedes, estas ventoinhas fornecem um fluxo de ar cont\u00ednuo e de [&hellip;]<\/p>\n","protected":false},"author":1,"featured_media":0,"parent":337,"menu_order":0,"comment_status":"closed","ping_status":"closed","template":"","meta":{"footnotes":""},"class_list":["post-371","page","type-page","status-publish","hentry"],"acf":[],"_links":{"self":[{"href":"https:\/\/ventilairgroup.es\/pt-pt\/wp-json\/wp\/v2\/pages\/371","targetHints":{"allow":["GET"]}}],"collection":[{"href":"https:\/\/ventilairgroup.es\/pt-pt\/wp-json\/wp\/v2\/pages"}],"about":[{"href":"https:\/\/ventilairgroup.es\/pt-pt\/wp-json\/wp\/v2\/types\/page"}],"author":[{"embeddable":true,"href":"https:\/\/ventilairgroup.es\/pt-pt\/wp-json\/wp\/v2\/users\/1"}],"replies":[{"embeddable":true,"href":"https:\/\/ventilairgroup.es\/pt-pt\/wp-json\/wp\/v2\/comments?post=371"}],"version-history":[{"count":9,"href":"https:\/\/ventilairgroup.es\/pt-pt\/wp-json\/wp\/v2\/pages\/371\/revisions"}],"predecessor-version":[{"id":777,"href":"https:\/\/ventilairgroup.es\/pt-pt\/wp-json\/wp\/v2\/pages\/371\/revisions\/777"}],"up":[{"embeddable":true,"href":"https:\/\/ventilairgroup.es\/pt-pt\/wp-json\/wp\/v2\/pages\/337"}],"wp:attachment":[{"href":"https:\/\/ventilairgroup.es\/pt-pt\/wp-json\/wp\/v2\/media?parent=371"}],"curies":[{"name":"wp","href":"https:\/\/api.w.org\/{rel}","templated":true}]}}