












{"id":369,"date":"2025-07-30T16:26:44","date_gmt":"2025-07-30T16:26:44","guid":{"rendered":"https:\/\/ventilairgroup.es\/produtos\/desumidificadores\/"},"modified":"2025-12-01T15:49:37","modified_gmt":"2025-12-01T15:49:37","slug":"desumidificadores","status":"publish","type":"page","link":"https:\/\/ventilairgroup.es\/pt-pt\/produtos\/desumidificadores\/","title":{"rendered":"Desumidificadores"},"content":{"rendered":"\n<div class=\"wp-block-cover full-width\" style=\"min-height:566px;aspect-ratio:unset;\"><img loading=\"lazy\" decoding=\"async\" width=\"1024\" height=\"577\" class=\"wp-block-cover__image-background wp-image-95 size-large\" alt=\"\" src=\"https:\/\/ventilairgroup.es\/wp-content\/uploads\/\/flow-fdx-paxspain02-1024x577.jpeg\" data-object-fit=\"cover\" srcset=\"https:\/\/ventilairgroup.es\/wp-content\/uploads\/flow-fdx-paxspain02-1024x577.jpeg 1024w, https:\/\/ventilairgroup.es\/wp-content\/uploads\/flow-fdx-paxspain02-300x169.jpeg 300w, https:\/\/ventilairgroup.es\/wp-content\/uploads\/flow-fdx-paxspain02-768x432.jpeg 768w, https:\/\/ventilairgroup.es\/wp-content\/uploads\/flow-fdx-paxspain02-1536x865.jpeg 1536w, https:\/\/ventilairgroup.es\/wp-content\/uploads\/flow-fdx-paxspain02.jpeg 2000w\" sizes=\"auto, (max-width: 1024px) 100vw, 1024px\" \/><span aria-hidden=\"true\" class=\"wp-block-cover__background has-black-background-color has-background-dim\"><\/span><div class=\"wp-block-cover__inner-container is-layout-flow wp-block-cover-is-layout-flow\">\n<h1 class=\"wp-block-heading has-text-align-center\"><strong><strong><strong><strong>Desumidificadores potentes para uso dom\u00e9stico e comercial<\/strong><\/strong><\/strong><\/strong><\/h1>\n\n\n\n<div class=\"wp-block-buttons is-content-justification-center is-layout-flex wp-container-core-buttons-is-layout-16018d1d wp-block-buttons-is-layout-flex\">\n<div class=\"wp-block-button\"><a class=\"wp-block-button__link has-accent-background-color has-background wp-element-button\" href=\"https:\/\/paxspain.com\/pt-pt\/category\/desumidificadores\/\" style=\"border-radius:0px\">Explora os desumidificadores na nossa loja online<\/a><\/div>\n<\/div>\n<\/div><\/div>\n\n<div class=\"wp-block-group columns-large-images is-layout-constrained wp-block-group-is-layout-constrained\">\n<div class=\"wp-block-columns is-layout-flex wp-container-core-columns-is-layout-9d6595d7 wp-block-columns-is-layout-flex\">\n<div class=\"wp-block-column is-layout-flow wp-block-column-is-layout-flow\" style=\"flex-basis:66.66%\">\n<figure class=\"wp-block-image size-full\"><img loading=\"lazy\" decoding=\"async\" width=\"1200\" height=\"855\" src=\"https:\/\/ventilairgroup.es\/wp-content\/uploads\/dehumidifier-d-800.png\" alt=\"\" class=\"wp-image-108\" srcset=\"https:\/\/ventilairgroup.es\/wp-content\/uploads\/dehumidifier-d-800.png 1200w, https:\/\/ventilairgroup.es\/wp-content\/uploads\/dehumidifier-d-800-300x214.png 300w, https:\/\/ventilairgroup.es\/wp-content\/uploads\/dehumidifier-d-800-1024x730.png 1024w, https:\/\/ventilairgroup.es\/wp-content\/uploads\/dehumidifier-d-800-768x547.png 768w\" sizes=\"auto, (max-width: 1200px) 100vw, 1200px\" \/><\/figure>\n<\/div>\n\n\n\n<div class=\"wp-block-column is-vertically-aligned-center is-layout-flow wp-block-column-is-layout-flow\" style=\"flex-basis:33.33%\">\n<div class=\"wp-block-buttons is-content-justification-center is-layout-flex wp-container-core-buttons-is-layout-16018d1d wp-block-buttons-is-layout-flex\">\n<div class=\"wp-block-button\"><a class=\"wp-block-button__link has-accent-background-color has-background wp-element-button\" href=\"https:\/\/paxspain.com\/pt-pt\/category\/desumidificadores\/\" style=\"border-radius:0px\">Compra desumidificadores agora<\/a><\/div>\n<\/div>\n<\/div>\n<\/div>\n\n\n\n<div class=\"wp-block-columns is-layout-flex wp-container-core-columns-is-layout-9d6595d7 wp-block-columns-is-layout-flex\">\n<div class=\"wp-block-column is-layout-flow wp-block-column-is-layout-flow\" style=\"flex-basis:66.66%\">\n<h2 class=\"wp-block-heading\">Humidade sob controlo &#8211; Conforto garantido<\/h2>\n\n\n\n<p>O Ventilair Group oferece uma gama de <strong>desumidificadores potentes<\/strong> que ajudam a manter um clima interior saud\u00e1vel, reduzindo a humidade no ar. Desde pequenos apartamentos a grandes espa\u00e7os comerciais, as nossas solu\u00e7\u00f5es s\u00e3o concebidas para serem <strong>silenciosas, eficientes<\/strong> e <strong>f\u00e1ceis de operar<\/strong>. <\/p>\n\n\n\n<p>Estas unidades s\u00e3o ideais para:<\/p>\n\n\n\n<ul class=\"wp-block-list\">\n<li>Hot\u00e9is e instala\u00e7\u00f5es de bem-estar<\/li>\n\n\n\n<li>Propriedades costeiras com elevada humidade ambiente<\/li>\n\n\n\n<li>Caves e lavandarias<\/li>\n\n\n\n<li>Casas de f\u00e9rias ou \u00e1reas de armazenamento<\/li>\n<\/ul>\n\n\n\n<h2 class=\"wp-block-heading\">Porqu\u00ea utilizar um desumidificador?<\/h2>\n\n\n\n<p>A humidade elevada pode causar in\u00fameros problemas:<\/p>\n\n\n\n<ul class=\"wp-block-list\">\n<li><strong>Crescimento de bolor e mofo<\/strong><\/li>\n\n\n\n<li><strong>Odores a mofo<\/strong><\/li>\n\n\n\n<li><strong>Pintura a descascar e acabamentos danificados<\/strong><\/li>\n\n\n\n<li><strong>M\u00e1 qualidade do sono e desconforto respirat\u00f3rio<\/strong><\/li>\n<\/ul>\n\n\n\n<p>Um <strong>desumidificador<\/strong> remove o excesso de humidade do ar, melhorando <strong>o conforto<\/strong> e <strong>a preserva\u00e7\u00e3o da propriedade<\/strong>.<\/p>\n\n\n\n<h2 class=\"wp-block-heading\">Principais benef\u00edcios<\/h2>\n\n\n\n<ul class=\"wp-block-list\">\n<li><strong>Controlo eficiente da humidade<\/strong> em \u00e1reas propensas \u00e0 humidade<\/li>\n\n\n\n<li><strong>Melhora a qualidade do ar interior<\/strong> e o conforto do sono<\/li>\n\n\n\n<li><strong>Protege m\u00f3veis, tecidos e aparelhos electr\u00f3nicos<\/strong> dos danos causados pela humidade<\/li>\n\n\n\n<li><strong>Funcionamento plug-and-play simples<\/strong><\/li>\n\n\n\n<li><strong>Dispon\u00edvel em v\u00e1rios tamanhos<\/strong> para necessidades residenciais e comerciais<\/li>\n<\/ul>\n\n\n\n<h2 class=\"wp-block-heading\">Concebido para a vida quotidiana<\/h2>\n\n\n\n<p>Os nossos desumidificadores s\u00e3o constru\u00eddos para um funcionamento silencioso e um desempenho fi\u00e1vel. Os modelos variam em termos de capacidade e funcionalidade &#8211; alguns s\u00e3o ideais para a <strong>secagem de roupa<\/strong>, enquanto outros se adequam \u00e0 <strong>regula\u00e7\u00e3o da humidade 24\/7<\/strong> em espa\u00e7os fechados. <\/p>\n\n\n\n<h2 class=\"wp-block-heading\">Desempenho fi\u00e1vel de marcas de confian\u00e7a<\/h2>\n\n\n\n<p>Trabalhamos com os melhores fabricantes europeus para garantir que os nossos desumidificadores cumprem os mais elevados padr\u00f5es de <strong>efici\u00eancia, seguran\u00e7a<\/strong> e <strong>longevidade<\/strong>. Quer pretenda resolver um problema de humidade ou evitar o desenvolvimento de um, podemos recomendar o produto certo para as suas necessidades. <\/p>\n<\/div>\n\n\n\n<div class=\"wp-block-column is-vertically-aligned-center is-layout-flow wp-block-column-is-layout-flow\" style=\"flex-basis:33.33%\"><\/div>\n<\/div>\n<\/div>\n\n<div class=\"wp-block-group group-padding-2em is-layout-constrained wp-block-group-is-layout-constrained\">\n<p><a href=\"https:\/\/paxspain.com\/pt-pt\/category\/desumidificadores\/\" data-type=\"link\" data-id=\"https:\/\/paxspain.com\/category\/dehumidifiers\/\">Desumidificadores de loja<\/a><br\/><a href=\"https:\/\/ventilairgroup.es\/pt-pt\/contacta-nos\/\" data-type=\"page\" data-id=\"85\">Contacta-nos para pedidos de informa\u00e7\u00e3o sobre com\u00e9rcio e vendas por grosso<\/a><\/p>\n<\/div>\n","protected":false},"excerpt":{"rendered":"<p>Humidade sob controlo &#8211; Conforto garantido O Ventilair Group oferece uma gama de desumidificadores potentes que ajudam a manter um clima interior saud\u00e1vel, reduzindo a humidade no ar. Desde pequenos apartamentos a grandes espa\u00e7os comerciais, as nossas solu\u00e7\u00f5es s\u00e3o concebidas para serem silenciosas, eficientes e f\u00e1ceis de operar. Estas unidades s\u00e3o ideais para: Porqu\u00ea utilizar [&hellip;]<\/p>\n","protected":false},"author":1,"featured_media":0,"parent":337,"menu_order":0,"comment_status":"closed","ping_status":"closed","template":"","meta":{"footnotes":""},"class_list":["post-369","page","type-page","status-publish","hentry"],"acf":[],"_links":{"self":[{"href":"https:\/\/ventilairgroup.es\/pt-pt\/wp-json\/wp\/v2\/pages\/369","targetHints":{"allow":["GET"]}}],"collection":[{"href":"https:\/\/ventilairgroup.es\/pt-pt\/wp-json\/wp\/v2\/pages"}],"about":[{"href":"https:\/\/ventilairgroup.es\/pt-pt\/wp-json\/wp\/v2\/types\/page"}],"author":[{"embeddable":true,"href":"https:\/\/ventilairgroup.es\/pt-pt\/wp-json\/wp\/v2\/users\/1"}],"replies":[{"embeddable":true,"href":"https:\/\/ventilairgroup.es\/pt-pt\/wp-json\/wp\/v2\/comments?post=369"}],"version-history":[{"count":5,"href":"https:\/\/ventilairgroup.es\/pt-pt\/wp-json\/wp\/v2\/pages\/369\/revisions"}],"predecessor-version":[{"id":775,"href":"https:\/\/ventilairgroup.es\/pt-pt\/wp-json\/wp\/v2\/pages\/369\/revisions\/775"}],"up":[{"embeddable":true,"href":"https:\/\/ventilairgroup.es\/pt-pt\/wp-json\/wp\/v2\/pages\/337"}],"wp:attachment":[{"href":"https:\/\/ventilairgroup.es\/pt-pt\/wp-json\/wp\/v2\/media?parent=369"}],"curies":[{"name":"wp","href":"https:\/\/api.w.org\/{rel}","templated":true}]}}