












{"id":358,"date":"2025-08-06T02:17:10","date_gmt":"2025-08-06T02:17:10","guid":{"rendered":"https:\/\/ventilairgroup.es\/politica-de-privacidade\/"},"modified":"2025-09-08T15:43:54","modified_gmt":"2025-09-08T15:43:54","slug":"politica-de-privacidade","status":"publish","type":"page","link":"https:\/\/ventilairgroup.es\/pt-pt\/politica-de-privacidade\/","title":{"rendered":"Pol\u00edtica de privacidade"},"content":{"rendered":"\n<p><em>\u00faltima atualiza\u00e7\u00e3o: 6 de agosto de 2025<\/em><\/p>\n\n<p>Esta Pol\u00edtica de Privacidade explica como <strong>o Ventilair Group<\/strong> (&#8220;n\u00f3s&#8221;, &#8220;nos&#8221; ou &#8220;nosso&#8221;) recolhe, utiliza, divulga e protege os teus dados pessoais quando visitas ou fazes uma compra atrav\u00e9s do nosso website: https:\/\/ventilairgroup.es (&#8220;Website&#8221;).<\/p>\n\n<hr class=\"wp-block-separator has-alpha-channel-opacity\"\/>\n\n<h3 class=\"wp-block-heading\"><strong>1. Quem somos<\/strong><\/h3>\n\n<p>O Ventilair Group \u00e9 um retalhista online com sede em Espanha, especializado em produtos de ventila\u00e7\u00e3o e aquecedores de toalhas el\u00e9ctricos para o lar. Podes contactar-nos: <\/p>\n\n<ul class=\"wp-block-list\">\n<li><strong>Endere\u00e7o:<\/strong><\/li>\n\n\n\n<li><strong>Telefona:<\/strong><\/li>\n\n\n\n<li><strong>Correio eletr\u00f3nico:<\/strong> info@ventilairgroup.es  <\/li>\n<\/ul>\n\n<p>Somos o respons\u00e1vel pelo tratamento dos dados pessoais processados atrav\u00e9s deste s\u00edtio Web.<\/p>\n\n<hr class=\"wp-block-separator has-alpha-channel-opacity\"\/>\n\n<h3 class=\"wp-block-heading\"><strong>2. Dados que recolhemos<\/strong><\/h3>\n\n<p>Podemos recolher as seguintes categorias de dados pessoais:<\/p>\n\n<ul class=\"wp-block-list\">\n<li><strong>Dados de identifica\u00e7\u00e3o:<\/strong> nome, data de nascimento, t\u00edtulo.<\/li>\n\n\n\n<li><strong>Dados de contacto:<\/strong> endere\u00e7o eletr\u00f3nico, endere\u00e7o postal, n\u00famero de telefone.<\/li>\n\n\n\n<li><strong>Dados da conta:<\/strong> nome de utilizador, palavra-passe.<\/li>\n\n\n\n<li><strong>Dados da transa\u00e7\u00e3o:<\/strong> produtos encomendados, m\u00e9todo de pagamento, endere\u00e7os de fatura\u00e7\u00e3o e de entrega.<\/li>\n\n\n\n<li><strong>Dados t\u00e9cnicos e de utiliza\u00e7\u00e3o:<\/strong> Endere\u00e7o IP, tipo e vers\u00e3o do browser, defini\u00e7\u00e3o do fuso hor\u00e1rio, sistema operativo, p\u00e1ginas visualizadas e forma como interage com o nosso Website.<\/li>\n\n\n\n<li><strong>Dados de marketing e comunica\u00e7\u00e3o:<\/strong> prefer\u00eancias para receber marketing da nossa parte e as tuas prefer\u00eancias de comunica\u00e7\u00e3o.<\/li>\n<\/ul>\n\n<hr class=\"wp-block-separator has-alpha-channel-opacity\"\/>\n\n<h3 class=\"wp-block-heading\"><strong>3. Como recolhemos os teus dados<\/strong><\/h3>\n\n<ul class=\"wp-block-list\">\n<li><strong>Intera\u00e7\u00f5es diretas:<\/strong> quando faz uma encomenda, regista uma conta, subscreve a nossa newsletter ou nos contacta.<\/li>\n\n\n\n<li><strong>Tecnologias automatizadas:<\/strong> atrav\u00e9s de cookies e tecnologias de rastreio semelhantes quando navega no nosso s\u00edtio Web.<\/li>\n\n\n\n<li>Terceiros<strong>:<\/strong> de fornecedores de an\u00e1lise e publicidade para nos ajudar a compreender a utiliza\u00e7\u00e3o e o desempenho do s\u00edtio Web.<\/li>\n<\/ul>\n\n<hr class=\"wp-block-separator has-alpha-channel-opacity\"\/>\n\n<h3 class=\"wp-block-heading\"><strong>4. Finalidades do tratamento e bases jur\u00eddicas<\/strong><\/h3>\n\n<p><\/p>\n","protected":false},"excerpt":{"rendered":"<p>\u00faltima atualiza\u00e7\u00e3o: 6 de agosto de 2025 Esta Pol\u00edtica de Privacidade explica como o Ventilair Group (&#8220;n\u00f3s&#8221;, &#8220;nos&#8221; ou &#8220;nosso&#8221;) recolhe, utiliza, divulga e protege os teus dados pessoais quando visitas ou fazes uma compra atrav\u00e9s do nosso website: https:\/\/ventilairgroup.es (&#8220;Website&#8221;). 1. Quem somos O Ventilair Group \u00e9 um retalhista online com sede em Espanha, [&hellip;]<\/p>\n","protected":false},"author":1,"featured_media":0,"parent":0,"menu_order":0,"comment_status":"closed","ping_status":"closed","template":"text","meta":{"footnotes":""},"class_list":["post-358","page","type-page","status-publish","hentry"],"acf":[],"_links":{"self":[{"href":"https:\/\/ventilairgroup.es\/pt-pt\/wp-json\/wp\/v2\/pages\/358","targetHints":{"allow":["GET"]}}],"collection":[{"href":"https:\/\/ventilairgroup.es\/pt-pt\/wp-json\/wp\/v2\/pages"}],"about":[{"href":"https:\/\/ventilairgroup.es\/pt-pt\/wp-json\/wp\/v2\/types\/page"}],"author":[{"embeddable":true,"href":"https:\/\/ventilairgroup.es\/pt-pt\/wp-json\/wp\/v2\/users\/1"}],"replies":[{"embeddable":true,"href":"https:\/\/ventilairgroup.es\/pt-pt\/wp-json\/wp\/v2\/comments?post=358"}],"version-history":[{"count":1,"href":"https:\/\/ventilairgroup.es\/pt-pt\/wp-json\/wp\/v2\/pages\/358\/revisions"}],"predecessor-version":[{"id":361,"href":"https:\/\/ventilairgroup.es\/pt-pt\/wp-json\/wp\/v2\/pages\/358\/revisions\/361"}],"wp:attachment":[{"href":"https:\/\/ventilairgroup.es\/pt-pt\/wp-json\/wp\/v2\/media?parent=358"}],"curies":[{"name":"wp","href":"https:\/\/api.w.org\/{rel}","templated":true}]}}