












{"id":342,"date":"2025-07-30T16:14:12","date_gmt":"2025-07-30T16:14:12","guid":{"rendered":"https:\/\/ventilairgroup.es\/produtos\/toalheiros-aquecidos\/"},"modified":"2025-12-01T15:48:22","modified_gmt":"2025-12-01T15:48:22","slug":"toalheiros-aquecidos","status":"publish","type":"page","link":"https:\/\/ventilairgroup.es\/pt-pt\/produtos\/toalheiros-aquecidos\/","title":{"rendered":"Toalheiros aquecidos"},"content":{"rendered":"\n<div class=\"wp-block-cover full-width\" style=\"min-height:566px;aspect-ratio:unset;\"><img loading=\"lazy\" decoding=\"async\" width=\"1024\" height=\"577\" class=\"wp-block-cover__image-background wp-image-95 size-large\" alt=\"\" src=\"https:\/\/ventilairgroup.es\/wp-content\/uploads\/\/flow-fdx-paxspain02-1024x577.jpeg\" data-object-fit=\"cover\" srcset=\"https:\/\/ventilairgroup.es\/wp-content\/uploads\/flow-fdx-paxspain02-1024x577.jpeg 1024w, https:\/\/ventilairgroup.es\/wp-content\/uploads\/flow-fdx-paxspain02-300x169.jpeg 300w, https:\/\/ventilairgroup.es\/wp-content\/uploads\/flow-fdx-paxspain02-768x432.jpeg 768w, https:\/\/ventilairgroup.es\/wp-content\/uploads\/flow-fdx-paxspain02-1536x865.jpeg 1536w, https:\/\/ventilairgroup.es\/wp-content\/uploads\/flow-fdx-paxspain02.jpeg 2000w\" sizes=\"auto, (max-width: 1024px) 100vw, 1024px\" \/><span aria-hidden=\"true\" class=\"wp-block-cover__background has-black-background-color has-background-dim\"><\/span><div class=\"wp-block-cover__inner-container is-layout-flow wp-block-cover-is-layout-flow\">\n<h1 class=\"wp-block-heading has-text-align-center\"><strong><strong><strong>Aquecedores de toalhas el\u00e9ctricos &#8211; elegantes e eficientes<\/strong><\/strong><\/strong><\/h1>\n\n\n\n<div class=\"wp-block-buttons is-content-justification-center is-layout-flex wp-container-core-buttons-is-layout-16018d1d wp-block-buttons-is-layout-flex\">\n<div class=\"wp-block-button\"><a class=\"wp-block-button__link has-accent-background-color has-background wp-element-button\" href=\"https:\/\/paxspain.com\/pt-pt\/category\/aquecedores-de-toalhas\/\" style=\"border-radius:0px\">Explora os aquecedores de toalhas na nossa loja online<\/a><\/div>\n<\/div>\n<\/div><\/div>\n\n<div class=\"wp-block-group columns-large-images is-layout-constrained wp-block-group-is-layout-constrained\">\n<div class=\"wp-block-columns is-layout-flex wp-container-core-columns-is-layout-9d6595d7 wp-block-columns-is-layout-flex\">\n<div class=\"wp-block-column is-layout-flow wp-block-column-is-layout-flow\" style=\"flex-basis:66.66%\">\n<figure class=\"wp-block-image size-full\"><img loading=\"lazy\" decoding=\"async\" width=\"448\" height=\"448\" src=\"https:\/\/ventilairgroup.es\/wp-content\/uploads\/electric_warmer.png\" alt=\"\" class=\"wp-image-106\" srcset=\"https:\/\/ventilairgroup.es\/wp-content\/uploads\/electric_warmer.png 448w, https:\/\/ventilairgroup.es\/wp-content\/uploads\/electric_warmer-300x300.png 300w, https:\/\/ventilairgroup.es\/wp-content\/uploads\/electric_warmer-150x150.png 150w\" sizes=\"auto, (max-width: 448px) 100vw, 448px\" \/><\/figure>\n<\/div>\n\n\n\n<div class=\"wp-block-column is-vertically-aligned-center is-layout-flow wp-block-column-is-layout-flow\" style=\"flex-basis:33.33%\">\n<div class=\"wp-block-buttons is-content-justification-center is-layout-flex wp-container-core-buttons-is-layout-16018d1d wp-block-buttons-is-layout-flex\">\n<div class=\"wp-block-button\"><a class=\"wp-block-button__link has-accent-background-color has-background wp-element-button\" href=\"https:\/\/paxspain.com\/pt-pt\/category\/aquecedores-de-toalhas\/\" style=\"border-radius:0px\">Compra aquecedores de toalhas agora<\/a><\/div>\n<\/div>\n<\/div>\n<\/div>\n\n\n\n<div class=\"wp-block-columns is-layout-flex wp-container-core-columns-is-layout-9d6595d7 wp-block-columns-is-layout-flex\">\n<div class=\"wp-block-column is-layout-flow wp-block-column-is-layout-flow\" style=\"flex-basis:66.66%\">\n<h2 class=\"wp-block-heading\">Conforto quotidiano, elevado<\/h2>\n\n\n\n<p>No <strong>Ventilair Group<\/strong>, fornecemos uma gama de <strong>toalheiros aquecidos el\u00e9ctricos<\/strong> de alta qualidade que trazem conforto, estilo e conveni\u00eancia a qualquer casa ou ambiente de hospitalidade. Estes produtos n\u00e3o s\u00e3o apenas luxuosos &#8211; tamb\u00e9m permitem um <strong>controlo<\/strong> eficiente <strong>da humidade<\/strong> e ajudam a prevenir o bolor, <strong>secando as toalhas de forma r\u00e1pida<\/strong> e eficaz. <\/p>\n\n\n\n<p>Com designs elegantes e modernos e integra\u00e7\u00e3o de tecnologia inteligente, os nossos aquecedores de toalhas s\u00e3o o toque final perfeito para casas de banho, suites e at\u00e9 lavandarias.<\/p>\n\n\n\n<h2 class=\"wp-block-heading\">Porqu\u00ea escolher um toalheiro aquecido?<\/h2>\n\n\n\n<p>A instala\u00e7\u00e3o de um <strong>toalheiro aquecido<\/strong> oferece v\u00e1rias vantagens pr\u00e1ticas e de estilo de vida:<\/p>\n\n\n\n<ul class=\"wp-block-list\">\n<li><strong>Um aspeto elegante e sem fios<\/strong> &#8211; com cabos ocultos ap\u00f3s a instala\u00e7\u00e3o<\/li>\n\n\n\n<li><strong>Toalhas sempre secas<\/strong> &#8211; acabou-se a humidade e o cheiro a mofo<\/li>\n\n\n\n<li><strong>Melhoria da higiene da casa de banho<\/strong> &#8211; menos humidade, menos bolor<\/li>\n\n\n\n<li><strong>Controlo inteligente<\/strong> &#8211; muitos modelos podem ser controlados por aplica\u00e7\u00f5es ou ligados a sistemas de ventila\u00e7\u00e3o<\/li>\n\n\n\n<li><strong>Utiliza\u00e7\u00e3o m\u00ednima de energia<\/strong> &#8211; aquecimento eficiente e tempos de secagem r\u00e1pidos<\/li>\n\n\n\n<li><strong>Um aspeto elegante e sem fios<\/strong> &#8211; com cabos ocultos ap\u00f3s a instala\u00e7\u00e3o<\/li>\n<\/ul>\n\n\n\n<h2 class=\"wp-block-heading\">Concebido para casas modernas<\/h2>\n\n\n\n<p>Os nossos toalheiros est\u00e3o dispon\u00edveis em v\u00e1rios <strong>tamanhos, estilos e acabamentos<\/strong> para complementar qualquer espa\u00e7o. Desde modelos compactos para casas de banho de h\u00f3spedes a op\u00e7\u00f5es de comprimento total para casas de fam\u00edlia, cada unidade \u00e9 constru\u00edda para um <strong>baixo consumo de energia<\/strong> e um desempenho fi\u00e1vel. <\/p>\n\n\n\n<p>A maioria dos aquecedores de toalhas \u00e9 fornecida em branco cl\u00e1ssico ou preto mate, com <strong>cablagem oculta<\/strong> para manter uma apar\u00eancia limpa e elegante na parede.<\/p>\n\n\n\n<h2 class=\"wp-block-heading\">Integra\u00e7\u00e3o inteligente com o temporizador Momento II<\/h2>\n\n\n\n<p>Muitos dos nossos toalheiros s\u00e3o compat\u00edveis com o temporizador <strong>Momento II\u2122<\/strong> &#8211; um acess\u00f3rio inteligente que permite o controlo sem fios atrav\u00e9s da <strong>Pax Wireless App<\/strong>. Esta funcionalidade permite aos utilizadores: <\/p>\n\n\n\n<ul class=\"wp-block-list\">\n<li>Reduzir o consumo de energia sem sacrificar o conforto<\/li>\n\n\n\n<li>Programa ciclos de ligar\/desligar<\/li>\n\n\n\n<li>Sincroniza com um exaustor de casa de banho<\/li>\n\n\n\n<li>Programa o aquecimento com base nos padr\u00f5es de utiliza\u00e7\u00e3o<\/li>\n\n\n\n<li>Reduzir o consumo de energia sem sacrificar o conforto<\/li>\n<\/ul>\n\n\n\n<h2 class=\"wp-block-heading\">Marca em destaque: Pax (Distribu\u00eddo exclusivamente pelo Ventilair Group)<\/h2>\n\n\n\n<p>Os aquecedores de toalhas Pax s\u00e3o fabricados na Su\u00e9cia e concebidos para desempenho e estilo. Como distribuidor exclusivo da Pax em Espanha e Portugal, oferecemos os seus modelos mais recentes com op\u00e7\u00f5es de controlo inteligentes, acabamentos elegantes e durabilidade a longo prazo. <strong><br\/><\/strong><\/p>\n\n\n\n<h2 class=\"wp-block-heading\">Explora a nossa gama<\/h2>\n\n\n\n<p>Quer estejas a mobilar um hotel de luxo ou a renovar uma casa de banho pequena, temos op\u00e7\u00f5es de aquecedores de toalhas que se adequam a todas as necessidades. A nossa equipa pode recomendar modelos com base no tamanho do quarto, h\u00e1bitos de utiliza\u00e7\u00e3o e prefer\u00eancias de design. <\/p>\n<\/div>\n\n\n\n<div class=\"wp-block-column is-vertically-aligned-center is-layout-flow wp-block-column-is-layout-flow\" style=\"flex-basis:33.33%\"><\/div>\n<\/div>\n<\/div>\n\n<div class=\"wp-block-group group-padding-2em is-layout-constrained wp-block-group-is-layout-constrained\">\n<p><a href=\"https:\/\/paxspain.com\/pt-pt\/category\/aquecedores-de-toalhas\/\">Comprar aquecedores de toalhas el\u00e9ctricos<\/a><br\/><a href=\"https:\/\/ventilairgroup.es\/pt-pt\/contacta-nos\/\" data-type=\"page\" data-id=\"85\">Contacta-nos para pedidos de informa\u00e7\u00e3o sobre com\u00e9rcio e vendas por grosso<\/a><\/p>\n<\/div>\n","protected":false},"excerpt":{"rendered":"<p>Conforto quotidiano, elevado No Ventilair Group, fornecemos uma gama de toalheiros aquecidos el\u00e9ctricos de alta qualidade que trazem conforto, estilo e conveni\u00eancia a qualquer casa ou ambiente de hospitalidade. Estes produtos n\u00e3o s\u00e3o apenas luxuosos &#8211; tamb\u00e9m permitem um controlo eficiente da humidade e ajudam a prevenir o bolor, secando as toalhas de forma r\u00e1pida [&hellip;]<\/p>\n","protected":false},"author":1,"featured_media":0,"parent":337,"menu_order":0,"comment_status":"closed","ping_status":"closed","template":"","meta":{"footnotes":""},"class_list":["post-342","page","type-page","status-publish","hentry"],"acf":[],"_links":{"self":[{"href":"https:\/\/ventilairgroup.es\/pt-pt\/wp-json\/wp\/v2\/pages\/342","targetHints":{"allow":["GET"]}}],"collection":[{"href":"https:\/\/ventilairgroup.es\/pt-pt\/wp-json\/wp\/v2\/pages"}],"about":[{"href":"https:\/\/ventilairgroup.es\/pt-pt\/wp-json\/wp\/v2\/types\/page"}],"author":[{"embeddable":true,"href":"https:\/\/ventilairgroup.es\/pt-pt\/wp-json\/wp\/v2\/users\/1"}],"replies":[{"embeddable":true,"href":"https:\/\/ventilairgroup.es\/pt-pt\/wp-json\/wp\/v2\/comments?post=342"}],"version-history":[{"count":7,"href":"https:\/\/ventilairgroup.es\/pt-pt\/wp-json\/wp\/v2\/pages\/342\/revisions"}],"predecessor-version":[{"id":773,"href":"https:\/\/ventilairgroup.es\/pt-pt\/wp-json\/wp\/v2\/pages\/342\/revisions\/773"}],"up":[{"embeddable":true,"href":"https:\/\/ventilairgroup.es\/pt-pt\/wp-json\/wp\/v2\/pages\/337"}],"wp:attachment":[{"href":"https:\/\/ventilairgroup.es\/pt-pt\/wp-json\/wp\/v2\/media?parent=342"}],"curies":[{"name":"wp","href":"https:\/\/api.w.org\/{rel}","templated":true}]}}