












{"id":338,"date":"2025-07-30T16:20:58","date_gmt":"2025-07-30T16:20:58","guid":{"rendered":"https:\/\/ventilairgroup.es\/produtos\/ventiladores-de-parede\/"},"modified":"2025-12-01T15:51:47","modified_gmt":"2025-12-01T15:51:47","slug":"ventiladores-de-parede","status":"publish","type":"page","link":"https:\/\/ventilairgroup.es\/pt-pt\/produtos\/ventiladores-de-parede\/","title":{"rendered":"Ventiladores de parede"},"content":{"rendered":"\n<div class=\"wp-block-cover full-width\" style=\"min-height:566px;aspect-ratio:unset;\"><img loading=\"lazy\" decoding=\"async\" width=\"1024\" height=\"577\" class=\"wp-block-cover__image-background wp-image-95 size-large\" alt=\"\" src=\"https:\/\/ventilairgroup.es\/wp-content\/uploads\/\/flow-fdx-paxspain02-1024x577.jpeg\" data-object-fit=\"cover\" srcset=\"https:\/\/ventilairgroup.es\/wp-content\/uploads\/flow-fdx-paxspain02-1024x577.jpeg 1024w, https:\/\/ventilairgroup.es\/wp-content\/uploads\/flow-fdx-paxspain02-300x169.jpeg 300w, https:\/\/ventilairgroup.es\/wp-content\/uploads\/flow-fdx-paxspain02-768x432.jpeg 768w, https:\/\/ventilairgroup.es\/wp-content\/uploads\/flow-fdx-paxspain02-1536x865.jpeg 1536w, https:\/\/ventilairgroup.es\/wp-content\/uploads\/flow-fdx-paxspain02.jpeg 2000w\" sizes=\"auto, (max-width: 1024px) 100vw, 1024px\" \/><span aria-hidden=\"true\" class=\"wp-block-cover__background has-black-background-color has-background-dim\"><\/span><div class=\"wp-block-cover__inner-container is-layout-flow wp-block-cover-is-layout-flow\">\n<h1 class=\"wp-block-heading has-text-align-center\"><strong><strong><strong><strong>Ventiladores de parede de alta qualidade para ar fresco<\/strong><\/strong><\/strong><\/strong><\/h1>\n\n\n\n<div class=\"wp-block-buttons is-content-justification-center is-layout-flex wp-container-core-buttons-is-layout-16018d1d wp-block-buttons-is-layout-flex\">\n<div class=\"wp-block-button\"><a class=\"wp-block-button__link has-accent-background-color has-background wp-element-button\" href=\"https:\/\/paxspain.com\/pt-pt\/category\/ventiladores-de-parede\/\" style=\"border-radius:0px\">Explora os respiradouros de parede na nossa loja online<\/a><\/div>\n<\/div>\n<\/div><\/div>\n\n<div class=\"wp-block-group columns-large-images is-layout-constrained wp-block-group-is-layout-constrained\">\n<div class=\"wp-block-columns is-layout-flex wp-container-core-columns-is-layout-9d6595d7 wp-block-columns-is-layout-flex\">\n<div class=\"wp-block-column is-layout-flow wp-block-column-is-layout-flow\" style=\"flex-basis:66.66%\">\n<figure class=\"wp-block-image size-full\"><img loading=\"lazy\" decoding=\"async\" width=\"448\" height=\"448\" src=\"https:\/\/ventilairgroup.es\/wp-content\/uploads\/tld.png\" alt=\"\" class=\"wp-image-107\" srcset=\"https:\/\/ventilairgroup.es\/wp-content\/uploads\/tld.png 448w, https:\/\/ventilairgroup.es\/wp-content\/uploads\/tld-300x300.png 300w, https:\/\/ventilairgroup.es\/wp-content\/uploads\/tld-150x150.png 150w\" sizes=\"auto, (max-width: 448px) 100vw, 448px\" \/><\/figure>\n<\/div>\n\n\n\n<div class=\"wp-block-column is-vertically-aligned-center is-layout-flow wp-block-column-is-layout-flow\" style=\"flex-basis:33.33%\">\n<div class=\"wp-block-buttons is-content-justification-center is-layout-flex wp-container-core-buttons-is-layout-16018d1d wp-block-buttons-is-layout-flex\">\n<div class=\"wp-block-button\"><a class=\"wp-block-button__link has-accent-background-color has-background wp-element-button\" href=\"https:\/\/paxspain.com\/pt-pt\/category\/ventiladores-de-parede\/\" style=\"border-radius:0px\">Compra respiradouros de parede agora<\/a><\/div>\n<\/div>\n<\/div>\n<\/div>\n\n\n\n<div class=\"wp-block-columns is-layout-flex wp-container-core-columns-is-layout-9d6595d7 wp-block-columns-is-layout-flex\">\n<div class=\"wp-block-column is-layout-flow wp-block-column-is-layout-flow\" style=\"flex-basis:66.66%\">\n<h2 class=\"wp-block-heading\">Ventila\u00e7\u00e3o passiva para um ambiente interior mais saud\u00e1vel<\/h2>\n\n\n\n<p>O Ventilair Group fornece uma gama de <strong>respiradouros murais<\/strong> de alta qualidade, concebidos para apoiar <strong>a ventila\u00e7\u00e3o passiva<\/strong> em casas modernas e tradicionais. Ao permitir um fluxo controlado de ar fresco nos espa\u00e7os interiores, os respiradouros murais ajudam a evitar a condensa\u00e7\u00e3o, o bolor e a polui\u00e7\u00e3o do ar interior. <\/p>\n\n\n\n<p>Estes produtos discretos mas eficazes s\u00e3o adequados para instala\u00e7\u00e3o em quartos, salas de estar, cozinhas e salas de servi\u00e7o &#8211; apoiando a ventila\u00e7\u00e3o de toda a casa com um consumo m\u00ednimo de energia.<\/p>\n\n\n\n<h2 class=\"wp-block-heading\">O que \u00e9 a ventila\u00e7\u00e3o passiva?<\/h2>\n\n\n\n<p><strong>A ventila\u00e7\u00e3o passiva<\/strong> funciona permitindo que o ar exterior entre num espa\u00e7o atrav\u00e9s de entradas como as aberturas de parede, enquanto o ar interior viciado sai atrav\u00e9s de exaustores ou de aberturas naturais na envolvente do edif\u00edcio. \u00c9 uma <strong>solu\u00e7\u00e3o de baixo consumo energ\u00e9tico<\/strong> que melhora a qualidade do ar sem a necessidade de sistemas mec\u00e2nicos em todas as divis\u00f5es. <\/p>\n\n\n\n<h2 class=\"wp-block-heading\">Carater\u00edsticas dos nossos respiradouros de parede<\/h2>\n\n\n\n<p>A nossa gama inclui:<\/p>\n\n\n\n<ul class=\"wp-block-list\">\n<li><strong>Vers\u00f5es standard e com redu\u00e7\u00e3o de ru\u00eddo<\/strong><\/li>\n\n\n\n<li><strong>Protec\u00e7\u00f5es contra tempestades<\/strong> para reduzir o impacto do vento e a perda de calor<\/li>\n\n\n\n<li><strong>Prote\u00e7\u00e3o contra a condensa\u00e7\u00e3o<\/strong><\/li>\n\n\n\n<li><strong>Filtros de p\u00f3len e p\u00f3<\/strong><\/li>\n\n\n\n<li><strong>Condutas telesc\u00f3picas<\/strong> para espessuras de parede flex\u00edveis (185-340 mm)<\/li>\n\n\n\n<li><strong>Coberturas elegantes e discretas<\/strong> &#8211; podem ser pintadas ou colocadas em papel de parede<\/li>\n<\/ul>\n\n\n\n<p>As aberturas podem ser combinadas com <strong>kits de passagem na parede<\/strong> e exaustores para completar uma configura\u00e7\u00e3o de ventila\u00e7\u00e3o equilibrada.<\/p>\n\n\n\n<h2 class=\"wp-block-heading\">Aplica\u00e7\u00f5es<\/h2>\n\n\n\n<p>Os ventiladores de parede s\u00e3o ideais para:<\/p>\n\n\n\n<ul class=\"wp-block-list\">\n<li>Quartos e salas de estar<br\/><\/li>\n\n\n\n<li>Espa\u00e7os utilit\u00e1rios e escrit\u00f3rios dom\u00e9sticos<br\/><\/li>\n\n\n\n<li>Propriedades com <strong>sistemas de ventila\u00e7\u00e3o natural ou h\u00edbrida<\/strong><strong><br\/><\/strong><\/li>\n\n\n\n<li>Casas que precisam de <strong>melhorias para poupar energia<\/strong><strong><br\/><\/strong><\/li>\n<\/ul>\n\n\n\n<p>Recomendamos <strong>um respiradouro por cada 20m\u00b2<\/strong>, ou mais em quartos partilhados e divis\u00f5es com elevada ocupa\u00e7\u00e3o.<\/p>\n\n\n\n<h2 class=\"wp-block-heading\">Ar fresco, entregue sem problemas<\/h2>\n\n\n\n<p>A maioria dos modelos \u00e9 f\u00e1cil de instalar e manter, com filtros que podem ser limpos ou substitu\u00eddos conforme necess\u00e1rio. As vers\u00f5es com redu\u00e7\u00e3o de ru\u00eddo s\u00e3o ideais para casas perto de estradas movimentadas ou em edif\u00edcios com v\u00e1rias unidades. <\/p>\n<\/div>\n\n\n\n<div class=\"wp-block-column is-vertically-aligned-center is-layout-flow wp-block-column-is-layout-flow\" style=\"flex-basis:33.33%\"><\/div>\n<\/div>\n<\/div>\n\n<div class=\"wp-block-group group-padding-2em is-layout-constrained wp-block-group-is-layout-constrained\">\n<p><a href=\"https:\/\/paxspain.com\/pt-pt\/category\/ventiladores-de-parede\/\">Comprar respiradouros de parede<\/a><br\/><a href=\"https:\/\/ventilairgroup.es\/pt-pt\/contacta-nos\/\" data-type=\"page\" data-id=\"85\">Contacta-nos para pedidos de informa\u00e7\u00e3o sobre com\u00e9rcio e vendas por grosso<\/a><\/p>\n<\/div>\n","protected":false},"excerpt":{"rendered":"<p>Ventila\u00e7\u00e3o passiva para um ambiente interior mais saud\u00e1vel O Ventilair Group fornece uma gama de respiradouros murais de alta qualidade, concebidos para apoiar a ventila\u00e7\u00e3o passiva em casas modernas e tradicionais. Ao permitir um fluxo controlado de ar fresco nos espa\u00e7os interiores, os respiradouros murais ajudam a evitar a condensa\u00e7\u00e3o, o bolor e a polui\u00e7\u00e3o [&hellip;]<\/p>\n","protected":false},"author":1,"featured_media":0,"parent":337,"menu_order":0,"comment_status":"closed","ping_status":"closed","template":"","meta":{"footnotes":""},"class_list":["post-338","page","type-page","status-publish","hentry"],"acf":[],"_links":{"self":[{"href":"https:\/\/ventilairgroup.es\/pt-pt\/wp-json\/wp\/v2\/pages\/338","targetHints":{"allow":["GET"]}}],"collection":[{"href":"https:\/\/ventilairgroup.es\/pt-pt\/wp-json\/wp\/v2\/pages"}],"about":[{"href":"https:\/\/ventilairgroup.es\/pt-pt\/wp-json\/wp\/v2\/types\/page"}],"author":[{"embeddable":true,"href":"https:\/\/ventilairgroup.es\/pt-pt\/wp-json\/wp\/v2\/users\/1"}],"replies":[{"embeddable":true,"href":"https:\/\/ventilairgroup.es\/pt-pt\/wp-json\/wp\/v2\/comments?post=338"}],"version-history":[{"count":5,"href":"https:\/\/ventilairgroup.es\/pt-pt\/wp-json\/wp\/v2\/pages\/338\/revisions"}],"predecessor-version":[{"id":779,"href":"https:\/\/ventilairgroup.es\/pt-pt\/wp-json\/wp\/v2\/pages\/338\/revisions\/779"}],"up":[{"embeddable":true,"href":"https:\/\/ventilairgroup.es\/pt-pt\/wp-json\/wp\/v2\/pages\/337"}],"wp:attachment":[{"href":"https:\/\/ventilairgroup.es\/pt-pt\/wp-json\/wp\/v2\/media?parent=338"}],"curies":[{"name":"wp","href":"https:\/\/api.w.org\/{rel}","templated":true}]}}