












{"id":337,"date":"2025-07-30T15:32:42","date_gmt":"2025-07-30T15:32:42","guid":{"rendered":"https:\/\/ventilairgroup.es\/produtos\/"},"modified":"2025-09-29T14:22:33","modified_gmt":"2025-09-29T14:22:33","slug":"produtos","status":"publish","type":"page","link":"https:\/\/ventilairgroup.es\/pt-pt\/produtos\/","title":{"rendered":"Produtos"},"content":{"rendered":"\n<div class=\"wp-block-cover full-width\" style=\"min-height:566px;aspect-ratio:unset;\"><img loading=\"lazy\" decoding=\"async\" width=\"1920\" height=\"637\" class=\"wp-block-cover__image-background wp-image-99 size-full\" alt=\"\" src=\"https:\/\/ventilairgroup.es\/wp-content\/uploads\/d8ce7c49-5a35-47a0-8b5e-003747b76971.jpeg\" data-object-fit=\"cover\" srcset=\"https:\/\/ventilairgroup.es\/wp-content\/uploads\/d8ce7c49-5a35-47a0-8b5e-003747b76971.jpeg 1920w, https:\/\/ventilairgroup.es\/wp-content\/uploads\/d8ce7c49-5a35-47a0-8b5e-003747b76971-300x100.jpeg 300w, https:\/\/ventilairgroup.es\/wp-content\/uploads\/d8ce7c49-5a35-47a0-8b5e-003747b76971-1024x340.jpeg 1024w, https:\/\/ventilairgroup.es\/wp-content\/uploads\/d8ce7c49-5a35-47a0-8b5e-003747b76971-768x255.jpeg 768w, https:\/\/ventilairgroup.es\/wp-content\/uploads\/d8ce7c49-5a35-47a0-8b5e-003747b76971-1536x510.jpeg 1536w\" sizes=\"auto, (max-width: 1920px) 100vw, 1920px\" \/><span aria-hidden=\"true\" class=\"wp-block-cover__background has-black-background-color has-background-dim\"><\/span><div class=\"wp-block-cover__inner-container is-layout-flow wp-block-cover-is-layout-flow\">\n<h1 class=\"wp-block-heading has-text-align-center\">Produtos de ventila\u00e7\u00e3o para um ar interior mais saud\u00e1vel<\/h1>\n<\/div><\/div>\n\n<div class=\"wp-block-group block-text-with-heading is-layout-constrained wp-block-group-is-layout-constrained\">\n<div class=\"wp-block-columns is-layout-flex wp-container-core-columns-is-layout-9d6595d7 wp-block-columns-is-layout-flex\">\n<div class=\"wp-block-column is-layout-flow wp-block-column-is-layout-flow\">\n<h2 class=\"wp-block-heading has-text-align-center\">Ventila\u00e7\u00e3o mais inteligente para todas as divis\u00f5es<br\/><\/h2>\n\n\n\n<p>Na Ventilair Group, somos especializados em solu\u00e7\u00f5es de ventila\u00e7\u00e3o energeticamente eficientes e de baixo ru\u00eddo, concebidas para melhorar a qualidade do ar interior, reduzir os problemas de humidade e apoiar o conforto geral em casas e edif\u00edcios em Espanha e Portugal.<\/p>\n\n\n\n<p>Orgulhamo-nos de oferecer uma gama selecionada de sistemas dos principais fabricantes europeus &#8211; incluindo o acesso exclusivo aos produtos Pax no mercado ib\u00e9rico.<\/p>\n\n\n\n<p>Explora a nossa gama completa de produtos abaixo:<\/p>\n<\/div>\n<\/div>\n<\/div>\n\n<div class=\"wp-block-group columns-large-images is-layout-constrained wp-block-group-is-layout-constrained\">\n<div class=\"wp-block-columns are-vertically-aligned-center is-layout-flex wp-container-core-columns-is-layout-9d6595d7 wp-block-columns-is-layout-flex\">\n<div class=\"wp-block-column is-vertically-aligned-center reveal left is-layout-flow wp-block-column-is-layout-flow\" style=\"flex-basis:50%\">\n<figure class=\"wp-block-image aligncenter size-full reveal left\"><img loading=\"lazy\" decoding=\"async\" width=\"503\" height=\"471\" src=\"https:\/\/ventilairgroup.es\/wp-content\/uploads\/the-vent-axia-lo-carbon-tempra-selv-htp.png\" alt=\"\" class=\"wp-image-296\" style=\"aspect-ratio:3\/2;object-fit:contain\" srcset=\"https:\/\/ventilairgroup.es\/wp-content\/uploads\/the-vent-axia-lo-carbon-tempra-selv-htp.png 503w, https:\/\/ventilairgroup.es\/wp-content\/uploads\/the-vent-axia-lo-carbon-tempra-selv-htp-300x281.png 300w\" sizes=\"auto, (max-width: 503px) 100vw, 503px\" \/><\/figure>\n<\/div>\n\n\n\n<div class=\"wp-block-column is-vertically-aligned-center reveal right is-layout-flow wp-block-column-is-layout-flow\" style=\"flex-basis:50%\">\n<h2 class=\"wp-block-heading has-text-align-left\"><strong>Recupera\u00e7\u00e3o<\/strong> descentralizada <strong>de calor<\/strong><\/h2>\n\n\n\n<p>Concebidos para trazer ar fresco sem deixar escapar o calor do interior, os nossos ventiladores descentralizados de recupera\u00e7\u00e3o de calor (HRV) s\u00e3o ideais para melhorar a qualidade do ar e minimizar a perda de energia. Estas unidades trocam o ar viciado por ar exterior filtrado, recuperando at\u00e9 85% do calor do fluxo de sa\u00edda. Perfeitas para divis\u00f5es com caudal de ar limitado, as HRVs s\u00e3o adequadas para propriedades novas e antigas. Muitos modelos incluem sensores inteligentes, conetividade com aplica\u00e7\u00f5es e funcionamento silencioso.   <\/p>\n\n\n\n<div class=\"wp-block-buttons is-layout-flex wp-block-buttons-is-layout-flex\">\n<div class=\"wp-block-button\"><a class=\"wp-block-button__link wp-element-button\" href=\"https:\/\/ventilairgroup.es\/pt-pt\/produtos\/ventiladores-descentralizados-de-recuperacao-de-calor\/\" style=\"border-radius:0px\">Aprende mais<\/a><\/div>\n<\/div>\n<\/div>\n<\/div>\n\n\n\n<div class=\"wp-block-columns are-vertically-aligned-center is-layout-flex wp-container-core-columns-is-layout-9d6595d7 wp-block-columns-is-layout-flex\">\n<div class=\"wp-block-column is-vertically-aligned-center reveal left is-layout-flow wp-block-column-is-layout-flow\" style=\"flex-basis:50%\">\n<h2 class=\"wp-block-heading has-text-align-left\"><strong>Exaustores de casa de banho<\/strong><\/h2>\n\n\n\n<p>Os nossos exaustores silenciosos para casa de banho foram concebidos para um controlo inteligente e silencioso da humidade. Com sensores de humidade incorporados e controlo por aplica\u00e7\u00e3o opcional, ajustam automaticamente o fluxo de ar com base nas condi\u00e7\u00f5es em tempo real. Concebidos para uma instala\u00e7\u00e3o r\u00e1pida em aplica\u00e7\u00f5es de parede e teto, estes ventiladores est\u00e3o dispon\u00edveis em branco cl\u00e1ssico ou preto mate elegante. Quer estejas a atualizar um WC pequeno ou a especificar ventoinhas para v\u00e1rias casas de banho de hotel, os nossos modelos oferecem um baixo consumo de energia e um funcionamento silencioso t\u00e3o baixo quanto 17 dB(A).   <\/p>\n\n\n\n<div class=\"wp-block-buttons is-layout-flex wp-block-buttons-is-layout-flex\">\n<div class=\"wp-block-button\"><a class=\"wp-block-button__link wp-element-button\" href=\"https:\/\/ventilairgroup.es\/pt-pt\/produtos\/produtos-de-ventilacao\/\" style=\"border-radius:0px\">Aprende mais<\/a><\/div>\n<\/div>\n<\/div>\n\n\n\n<div class=\"wp-block-column is-vertically-aligned-center reveal right is-layout-flow wp-block-column-is-layout-flow\" style=\"flex-basis:50%\">\n<figure class=\"wp-block-image aligncenter size-full\"><img loading=\"lazy\" decoding=\"async\" width=\"424\" height=\"448\" src=\"https:\/\/ventilairgroup.es\/wp-content\/uploads\/ventilacion.png\" alt=\"\" class=\"wp-image-105\" style=\"aspect-ratio:3\/2;object-fit:contain\" srcset=\"https:\/\/ventilairgroup.es\/wp-content\/uploads\/ventilacion.png 424w, https:\/\/ventilairgroup.es\/wp-content\/uploads\/ventilacion-284x300.png 284w\" sizes=\"auto, (max-width: 424px) 100vw, 424px\" \/><\/figure>\n<\/div>\n<\/div>\n\n\n\n<div class=\"wp-block-columns are-vertically-aligned-center is-layout-flex wp-container-core-columns-is-layout-9d6595d7 wp-block-columns-is-layout-flex\">\n<div class=\"wp-block-column is-vertically-aligned-center reveal left is-layout-flow wp-block-column-is-layout-flow\" style=\"flex-basis:50%\">\n<figure class=\"wp-block-image aligncenter size-full reveal left\"><img loading=\"lazy\" decoding=\"async\" width=\"448\" height=\"448\" src=\"https:\/\/ventilairgroup.es\/wp-content\/uploads\/electric_warmer.png\" alt=\"\" class=\"wp-image-106\" style=\"aspect-ratio:3\/2;object-fit:contain\" srcset=\"https:\/\/ventilairgroup.es\/wp-content\/uploads\/electric_warmer.png 448w, https:\/\/ventilairgroup.es\/wp-content\/uploads\/electric_warmer-300x300.png 300w, https:\/\/ventilairgroup.es\/wp-content\/uploads\/electric_warmer-150x150.png 150w\" sizes=\"auto, (max-width: 448px) 100vw, 448px\" \/><\/figure>\n<\/div>\n\n\n\n<div class=\"wp-block-column is-vertically-aligned-center reveal right is-layout-flow wp-block-column-is-layout-flow\" style=\"flex-basis:50%\">\n<h2 class=\"wp-block-heading has-text-align-left\"><strong>Toalheiros aquecidos<\/strong><\/h2>\n\n\n\n<p>Os nossos aquecedores de toalhas el\u00e9ctricos combinam um design elegante com funcionalidade, garantindo que tens sempre uma toalha quente e seca pronta a usar. N\u00e3o s\u00f3 melhoram o conforto, como tamb\u00e9m reduzem a humidade na casa de banho &#8211; ajudando a prevenir o bolor e a prolongar a frescura da toalha. Muitos modelos s\u00e3o compat\u00edveis com o temporizador sem fios Momento II\u2122 e podem ser controlados atrav\u00e9s da app Pax para uma programa\u00e7\u00e3o f\u00e1cil. Com cablagem oculta e um estilo minimalista, s\u00e3o perfeitos para interiores modernos.   <\/p>\n\n\n\n<div class=\"wp-block-buttons is-layout-flex wp-block-buttons-is-layout-flex\">\n<div class=\"wp-block-button\"><a class=\"wp-block-button__link wp-element-button\" href=\"https:\/\/ventilairgroup.es\/pt-pt\/produtos\/toalheiros-aquecidos\/\" style=\"border-radius:0px\">Aprende mais<\/a><\/div>\n<\/div>\n<\/div>\n<\/div>\n\n\n\n<div class=\"wp-block-columns are-vertically-aligned-center is-layout-flex wp-container-core-columns-is-layout-9d6595d7 wp-block-columns-is-layout-flex\">\n<div class=\"wp-block-column is-vertically-aligned-center reveal left is-layout-flow wp-block-column-is-layout-flow\" style=\"flex-basis:50%\">\n<h2 class=\"wp-block-heading has-text-align-left\"><strong>Ventiladores de parede<\/strong><\/h2>\n\n\n\n<p>Apoia o fluxo de ar passivo em toda a sua propriedade com a nossa gama de respiradouros de parede, adequados para salas de estar, quartos, escrit\u00f3rios dom\u00e9sticos e muito mais. Estas aberturas de design sueco est\u00e3o equipadas com carater\u00edsticas como protec\u00e7\u00f5es contra tempestades, isolamento ac\u00fastico e prote\u00e7\u00e3o contra condensa\u00e7\u00e3o para manter um fluxo de ar consistente sem causar correntes de ar ou perturba\u00e7\u00f5es sonoras. Os modelos est\u00e3o dispon\u00edveis com coberturas que podem ser pintadas para um acabamento discreto e perfeito que se integra no design de qualquer divis\u00e3o.  <\/p>\n\n\n\n<div class=\"wp-block-buttons is-layout-flex wp-block-buttons-is-layout-flex\">\n<div class=\"wp-block-button\"><a class=\"wp-block-button__link wp-element-button\" href=\"https:\/\/ventilairgroup.es\/pt-pt\/produtos\/ventiladores-de-parede\/\" style=\"border-radius:0px\">Aprende mais<\/a><\/div>\n<\/div>\n<\/div>\n\n\n\n<div class=\"wp-block-column is-vertically-aligned-center reveal right is-layout-flow wp-block-column-is-layout-flow\" style=\"flex-basis:50%\">\n<figure class=\"wp-block-image aligncenter size-full\"><img loading=\"lazy\" decoding=\"async\" width=\"448\" height=\"448\" src=\"https:\/\/ventilairgroup.es\/wp-content\/uploads\/tld.png\" alt=\"\" class=\"wp-image-107\" style=\"aspect-ratio:3\/2;object-fit:contain\" srcset=\"https:\/\/ventilairgroup.es\/wp-content\/uploads\/tld.png 448w, https:\/\/ventilairgroup.es\/wp-content\/uploads\/tld-300x300.png 300w, https:\/\/ventilairgroup.es\/wp-content\/uploads\/tld-150x150.png 150w\" sizes=\"auto, (max-width: 448px) 100vw, 448px\" \/><\/figure>\n<\/div>\n<\/div>\n\n\n\n<div class=\"wp-block-columns are-vertically-aligned-center is-layout-flex wp-container-core-columns-is-layout-9d6595d7 wp-block-columns-is-layout-flex\">\n<div class=\"wp-block-column is-vertically-aligned-center reveal left is-layout-flow wp-block-column-is-layout-flow\" style=\"flex-basis:50%\">\n<figure class=\"wp-block-image aligncenter size-full reveal left\"><img loading=\"lazy\" decoding=\"async\" width=\"448\" height=\"448\" src=\"https:\/\/ventilairgroup.es\/wp-content\/uploads\/electric_warmer.png\" alt=\"\" class=\"wp-image-106\" style=\"aspect-ratio:3\/2;object-fit:contain\" srcset=\"https:\/\/ventilairgroup.es\/wp-content\/uploads\/electric_warmer.png 448w, https:\/\/ventilairgroup.es\/wp-content\/uploads\/electric_warmer-300x300.png 300w, https:\/\/ventilairgroup.es\/wp-content\/uploads\/electric_warmer-150x150.png 150w\" sizes=\"auto, (max-width: 448px) 100vw, 448px\" \/><\/figure>\n<\/div>\n\n\n\n<div class=\"wp-block-column is-vertically-aligned-center reveal right is-layout-flow wp-block-column-is-layout-flow\" style=\"flex-basis:50%\">\n<h2 class=\"wp-block-heading has-text-align-left\"><strong>Desumidificadores<\/strong><\/h2>\n\n\n\n<p>A humidade elevada \u00e9 um desafio comum em muitas casas espanholas &#8211; especialmente nas zonas costeiras. Os nossos desumidificadores ajudam a manter n\u00edveis de humidade saud\u00e1veis, protegendo contra a humidade, o bolor e os odores desagrad\u00e1veis. Adequados para quartos, caves, casas de banho e at\u00e9 lavandarias, estes aparelhos funcionam de forma silenciosa e eficaz para melhorar o conforto e a qualidade do ar. Com uma configura\u00e7\u00e3o f\u00e1cil e uma variedade de tamanhos, s\u00e3o um complemento essencial para qualquer espa\u00e7o propenso a humidade.   <\/p>\n\n\n\n<div class=\"wp-block-buttons is-layout-flex wp-block-buttons-is-layout-flex\">\n<div class=\"wp-block-button\"><a class=\"wp-block-button__link wp-element-button\" href=\"https:\/\/ventilairgroup.es\/pt-pt\/produtos\/desumidificadores\/\" style=\"border-radius:0px\">Aprende mais<\/a><\/div>\n<\/div>\n<\/div>\n<\/div>\n\n\n\n<div class=\"wp-block-columns are-vertically-aligned-center is-layout-flex wp-container-core-columns-is-layout-9d6595d7 wp-block-columns-is-layout-flex\">\n<div class=\"wp-block-column is-vertically-aligned-center reveal left is-layout-flow wp-block-column-is-layout-flow\" style=\"flex-basis:50%\">\n<h2 class=\"wp-block-heading has-text-align-left\"><strong>Constru\u00eddo para Espanha e Portugal<\/strong><\/h2>\n\n\n\n<p>Desde a gest\u00e3o do excesso de humidade em casas costeiras at\u00e9 \u00e0 melhoria do fluxo de ar em edif\u00edcios modernos selados, as nossas solu\u00e7\u00f5es de ventila\u00e7\u00e3o foram concebidas para as realidades da vida em Espanha e Portugal. Os nossos produtos permitem melhorar o ar interior, reduzir as perdas de energia e aumentar o conforto quotidiano &#8211; em qualquer divis\u00e3o, em qualquer propriedade. <\/p>\n\n\n\n<p>Contacta-nos para obteres pre\u00e7os comerciais, quest\u00f5es t\u00e9cnicas ou recomenda\u00e7\u00f5es personalizadas.<\/p>\n\n\n\n<div class=\"wp-block-buttons is-layout-flex wp-block-buttons-is-layout-flex\">\n<div class=\"wp-block-button\"><a class=\"wp-block-button__link wp-element-button\" href=\"https:\/\/ventilairgroup.es\/pt-pt\/contacta-nos\/\" style=\"border-radius:0px\">Contacta-nos<\/a><\/div>\n<\/div>\n<\/div>\n\n\n\n<div class=\"wp-block-column is-vertically-aligned-center reveal right is-layout-flow wp-block-column-is-layout-flow\" style=\"flex-basis:50%\">\n<figure class=\"wp-block-image aligncenter size-full\"><img loading=\"lazy\" decoding=\"async\" width=\"2258\" height=\"1619\" src=\"https:\/\/ventilairgroup.es\/wp-content\/uploads\/2025\/07\/Ventilair_VC@4x.png\" alt=\"\" class=\"wp-image-69\" style=\"aspect-ratio:3\/2;object-fit:contain\" srcset=\"https:\/\/ventilairgroup.es\/wp-content\/uploads\/2025\/07\/Ventilair_VC@4x.png 2258w, https:\/\/ventilairgroup.es\/wp-content\/uploads\/2025\/07\/Ventilair_VC@4x-300x215.png 300w, https:\/\/ventilairgroup.es\/wp-content\/uploads\/2025\/07\/Ventilair_VC@4x-1024x734.png 1024w, https:\/\/ventilairgroup.es\/wp-content\/uploads\/2025\/07\/Ventilair_VC@4x-768x551.png 768w, https:\/\/ventilairgroup.es\/wp-content\/uploads\/2025\/07\/Ventilair_VC@4x-1536x1101.png 1536w, https:\/\/ventilairgroup.es\/wp-content\/uploads\/2025\/07\/Ventilair_VC@4x-2048x1468.png 2048w\" sizes=\"auto, (max-width: 2258px) 100vw, 2258px\" \/><\/figure>\n<\/div>\n<\/div>\n<\/div>\n","protected":false},"excerpt":{"rendered":"<p>Ventila\u00e7\u00e3o mais inteligente para todas as divis\u00f5es Na Ventilair Group, somos especializados em solu\u00e7\u00f5es de ventila\u00e7\u00e3o energeticamente eficientes e de baixo ru\u00eddo, concebidas para melhorar a qualidade do ar interior, reduzir os problemas de humidade e apoiar o conforto geral em casas e edif\u00edcios em Espanha e Portugal. Orgulhamo-nos de oferecer uma gama selecionada de [&hellip;]<\/p>\n","protected":false},"author":1,"featured_media":0,"parent":0,"menu_order":0,"comment_status":"closed","ping_status":"closed","template":"","meta":{"footnotes":""},"class_list":["post-337","page","type-page","status-publish","hentry"],"acf":[],"_links":{"self":[{"href":"https:\/\/ventilairgroup.es\/pt-pt\/wp-json\/wp\/v2\/pages\/337","targetHints":{"allow":["GET"]}}],"collection":[{"href":"https:\/\/ventilairgroup.es\/pt-pt\/wp-json\/wp\/v2\/pages"}],"about":[{"href":"https:\/\/ventilairgroup.es\/pt-pt\/wp-json\/wp\/v2\/types\/page"}],"author":[{"embeddable":true,"href":"https:\/\/ventilairgroup.es\/pt-pt\/wp-json\/wp\/v2\/users\/1"}],"replies":[{"embeddable":true,"href":"https:\/\/ventilairgroup.es\/pt-pt\/wp-json\/wp\/v2\/comments?post=337"}],"version-history":[{"count":4,"href":"https:\/\/ventilairgroup.es\/pt-pt\/wp-json\/wp\/v2\/pages\/337\/revisions"}],"predecessor-version":[{"id":570,"href":"https:\/\/ventilairgroup.es\/pt-pt\/wp-json\/wp\/v2\/pages\/337\/revisions\/570"}],"wp:attachment":[{"href":"https:\/\/ventilairgroup.es\/pt-pt\/wp-json\/wp\/v2\/media?parent=337"}],"curies":[{"name":"wp","href":"https:\/\/api.w.org\/{rel}","templated":true}]}}